{"id":21584,"date":"2025-05-22T14:30:00","date_gmt":"2025-05-22T12:30:00","guid":{"rendered":"https:\/\/alaindustrialpartners.com\/industrieller-fokus\/"},"modified":"2025-07-24T11:51:00","modified_gmt":"2025-07-24T09:51:00","slug":"industrieller-fokus","status":"publish","type":"page","link":"https:\/\/alaindustrialpartners.com\/de\/industrieller-fokus\/","title":{"rendered":"Industrieller Fokus"},"content":{"rendered":"\t\t<div data-elementor-type=\"wp-page\" data-elementor-id=\"21584\" class=\"elementor elementor-21584 elementor-21383\">\n\t\t\t\t\t\t<section class=\"elementor-section elementor-top-section elementor-element elementor-element-4e1904d elementor-section-boxed elementor-section-height-default elementor-section-height-default sc_fly_static\" data-id=\"4e1904d\" data-element_type=\"section\">\n\t\t\t\t\t\t<div class=\"elementor-container elementor-column-gap-extended\">\n\t\t\t\t\t<div class=\"elementor-column elementor-col-100 elementor-top-column elementor-element elementor-element-738492d sc_content_align_inherit sc_layouts_column_icons_position_left sc_fly_static\" data-id=\"738492d\" data-element_type=\"column\">\n\t\t\t<div class=\"elementor-widget-wrap elementor-element-populated\">\n\t\t\t\t\t\t<div class=\"elementor-element elementor-element-1ba4757 sc_height_large sc_fly_static elementor-widget elementor-widget-spacer\" data-id=\"1ba4757\" data-element_type=\"widget\" data-widget_type=\"spacer.default\">\n\t\t\t\t<div class=\"elementor-widget-container\">\n\t\t\t\t\t\t\t<div class=\"elementor-spacer\">\n\t\t\t<div class=\"elementor-spacer-inner\"><\/div>\n\t\t<\/div>\n\t\t\t\t\t\t<\/div>\n\t\t\t\t<\/div>\n\t\t\t\t<div class=\"elementor-element elementor-element-aa40e0e sc_layouts_hide_on_tablet sc_layouts_hide_on_mobile sc_fly_static elementor-widget elementor-widget-spacer\" data-id=\"aa40e0e\" data-element_type=\"widget\" data-widget_type=\"spacer.default\">\n\t\t\t\t<div class=\"elementor-widget-container\">\n\t\t\t\t\t\t\t<div class=\"elementor-spacer\">\n\t\t\t<div class=\"elementor-spacer-inner\"><\/div>\n\t\t<\/div>\n\t\t\t\t\t\t<\/div>\n\t\t\t\t<\/div>\n\t\t\t\t\t<\/div>\n\t\t<\/div>\n\t\t\t\t\t<\/div>\n\t\t<\/section>\n\t\t\t\t<section class=\"elementor-section elementor-top-section elementor-element elementor-element-9a6558f elementor-section-boxed elementor-section-height-default elementor-section-height-default sc_fly_static\" data-id=\"9a6558f\" data-element_type=\"section\">\n\t\t\t\t\t\t<div class=\"elementor-container elementor-column-gap-extended\">\n\t\t\t\t\t<div class=\"elementor-column elementor-col-16 elementor-top-column elementor-element elementor-element-36404d9 sc_content_align_inherit sc_layouts_column_icons_position_left sc_fly_static\" data-id=\"36404d9\" data-element_type=\"column\">\n\t\t\t<div class=\"elementor-widget-wrap\">\n\t\t\t\t\t\t\t<\/div>\n\t\t<\/div>\n\t\t\t\t<div class=\"elementor-column elementor-col-66 elementor-top-column elementor-element elementor-element-91aa75b sc_content_align_inherit sc_layouts_column_icons_position_left sc_fly_static\" data-id=\"91aa75b\" data-element_type=\"column\">\n\t\t\t<div class=\"elementor-widget-wrap elementor-element-populated\">\n\t\t\t\t\t\t<div class=\"elementor-element elementor-element-d1eccbd sc_fly_static elementor-widget elementor-widget-trx_sc_title\" data-id=\"d1eccbd\" data-element_type=\"widget\" data-widget_type=\"trx_sc_title.default\">\n\t\t\t\t<div class=\"elementor-widget-container\">\n\t\t\t\t\t<div\t\tclass=\"sc_title sc_title_default\" ><span class=\"sc_item_subtitle sc_title_subtitle sc_align_center sc_item_subtitle_above sc_item_title_style_default\">Unser industrieller Fokus<\/span><h2 class=\"sc_item_title sc_title_title sc_align_center sc_item_title_style_default\"\n\t\t\t><span class=\"sc_item_title_text\">Wir aktivieren Sektoren mit Potenzial<\/span><\/h2><div class=\"sc_item_descr sc_title_descr sc_align_center\"><p>Bei ALA Industrial Partners konzentrieren wir uns auf reale Industrien, idealerweise mit damit verbundenen wiederkehrenden Produkten und Dienstleistungen.<\/p>\n<\/div><\/div>\t\t\t\t<\/div>\n\t\t\t\t<\/div>\n\t\t\t\t\t<\/div>\n\t\t<\/div>\n\t\t\t\t<div class=\"elementor-column elementor-col-16 elementor-top-column elementor-element elementor-element-cd01a94 sc_content_align_inherit sc_layouts_column_icons_position_left sc_fly_static\" data-id=\"cd01a94\" data-element_type=\"column\">\n\t\t\t<div class=\"elementor-widget-wrap\">\n\t\t\t\t\t\t\t<\/div>\n\t\t<\/div>\n\t\t\t\t\t<\/div>\n\t\t<\/section>\n\t\t\t\t<section class=\"elementor-section elementor-top-section elementor-element elementor-element-7627797 elementor-section-boxed elementor-section-height-default elementor-section-height-default sc_fly_static\" data-id=\"7627797\" data-element_type=\"section\">\n\t\t\t\t\t\t<div class=\"elementor-container elementor-column-gap-extended\">\n\t\t\t\t\t<div class=\"elementor-column elementor-col-100 elementor-top-column elementor-element elementor-element-0b75ea2 sc_content_align_inherit sc_layouts_column_icons_position_left sc_fly_static\" data-id=\"0b75ea2\" data-element_type=\"column\">\n\t\t\t<div class=\"elementor-widget-wrap elementor-element-populated\">\n\t\t\t\t\t\t<div class=\"elementor-element elementor-element-d6a2b15 sc_fly_static elementor-widget elementor-widget-spacer\" data-id=\"d6a2b15\" data-element_type=\"widget\" data-widget_type=\"spacer.default\">\n\t\t\t\t<div class=\"elementor-widget-container\">\n\t\t\t\t\t\t\t<div class=\"elementor-spacer\">\n\t\t\t<div class=\"elementor-spacer-inner\"><\/div>\n\t\t<\/div>\n\t\t\t\t\t\t<\/div>\n\t\t\t\t<\/div>\n\t\t\t\t\t<\/div>\n\t\t<\/div>\n\t\t\t\t\t<\/div>\n\t\t<\/section>\n\t\t\t\t<section class=\"elementor-section elementor-top-section elementor-element elementor-element-cb308e3 elementor-section-boxed elementor-section-height-default elementor-section-height-default sc_fly_static\" data-id=\"cb308e3\" data-element_type=\"section\">\n\t\t\t\t\t\t<div class=\"elementor-container elementor-column-gap-extended\">\n\t\t\t\t\t<div class=\"elementor-column elementor-col-100 elementor-top-column elementor-element elementor-element-221b8f0 sc_content_align_inherit sc_layouts_column_icons_position_left sc_fly_static\" data-id=\"221b8f0\" data-element_type=\"column\">\n\t\t\t<div class=\"elementor-widget-wrap elementor-element-populated\">\n\t\t\t\t\t\t<div class=\"elementor-element elementor-element-4332875 sc_fly_static elementor-widget elementor-widget-trx_sc_services\" data-id=\"4332875\" data-element_type=\"widget\" data-widget_type=\"trx_sc_services.default\">\n\t\t\t\t<div class=\"elementor-widget-container\">\n\t\t\t\t\t<div class=\"sc_services sc_services_modern sc_services_featured_top\"><div class=\"sc_services_columns_wrap sc_item_columns sc_item_posts_container sc_item_columns_3 trx_addons_columns_wrap columns_padding_bottom columns_in_single_row\"><div class=\"trx_addons_column-1_3\"><div data-post-id=\"21745\" class=\"sc_services_item sc_item_container post_container no_links with_content with_icon sc_services_item_featured_top post-21745 cpt_services type-cpt_services status-publish has-post-thumbnail hentry cpt_services_group-was-wir-tun\">\r\n\t<span id=\"sc_services_1387140049_icon-startup-1_1\"\r\n\t\t\t\t class=\"sc_services_item_icon sc_icon_type_icons icon-startup-1\"><\/span>\t\r\n\t<div class=\"sc_services_item_info\">\r\n\t\t\t\t<div class=\"sc_services_item_header\">\r\n\t\t\t<h4 class=\"sc_services_item_title entry-title\">Spin-offs und technische Unterst\u00fctzung<\/h4>\r\n\t\t\t\t\t\t\t\t<\/div>\r\n\t\t\t\t\t\t\t<div class=\"sc_services_item_content\"><p>Industrieausgr\u00fcndungen und Unternehmen mit technischem Talent, die sich auf Wartung, Kundendienst oder Reparaturen konzentrieren.<\/p>\n<\/div><\/div><\/div>\r\n<\/div><div class=\"trx_addons_column-1_3\"><div data-post-id=\"21753\" class=\"sc_services_item sc_item_container post_container no_links with_content with_icon sc_services_item_featured_top post-21753 cpt_services type-cpt_services status-publish has-post-thumbnail hentry cpt_services_group-was-wir-tun\">\r\n\t<span id=\"sc_services_1828744362_icon-truck-1_2\"\r\n\t\t\t\t class=\"sc_services_item_icon sc_icon_type_icons icon-truck-1\"><\/span>\t\r\n\t<div class=\"sc_services_item_info\">\r\n\t\t\t\t<div class=\"sc_services_item_header\">\r\n\t\t\t<h4 class=\"sc_services_item_title entry-title\">Mobilit\u00e4t und Transport<\/h4>\r\n\t\t\t\t\t\t\t\t<\/div>\r\n\t\t\t\t\t\t\t<div class=\"sc_services_item_content\"><p>Wir sind an industriellen L\u00f6sungen f\u00fcr die Mobilit\u00e4t der Zukunft interessiert: vertikaler Transport und vernetzte Infrastrukturen.<\/p>\n<\/div><\/div><\/div>\r\n<\/div><div class=\"trx_addons_column-1_3\"><div data-post-id=\"21763\" class=\"sc_services_item sc_item_container post_container no_links with_content with_icon sc_services_item_featured_top post-21763 cpt_services type-cpt_services status-publish has-post-thumbnail hentry cpt_services_group-was-wir-tun\">\r\n\t<span id=\"sc_services_842292259_icon-contract_3\"\r\n\t\t\t\t class=\"sc_services_item_icon sc_icon_type_icons icon-contract\"><\/span>\t\r\n\t<div class=\"sc_services_item_info\">\r\n\t\t\t\t<div class=\"sc_services_item_header\">\r\n\t\t\t<h4 class=\"sc_services_item_title entry-title\">Technologie und Gesundheit<\/h4>\r\n\t\t\t\t\t\t\t\t<\/div>\r\n\t\t\t\t\t\t\t<div class=\"sc_services_item_content\"><p>Wir sind bestrebt, M\u00f6glichkeiten in den Bereichen medizinische Ger\u00e4te, technische Fertigung und L\u00f6sungen zu erkunden, die Industrie mit Wellness und Pr\u00e4zision verbinden.<\/p>\n<\/div><\/div><\/div>\r\n<\/div><\/div><\/div>\t\t\t\t<\/div>\n\t\t\t\t<\/div>\n\t\t\t\t<div class=\"elementor-element elementor-element-d587afe sc_height_huge sc_fly_static elementor-widget elementor-widget-spacer\" data-id=\"d587afe\" data-element_type=\"widget\" data-widget_type=\"spacer.default\">\n\t\t\t\t<div class=\"elementor-widget-container\">\n\t\t\t\t\t\t\t<div class=\"elementor-spacer\">\n\t\t\t<div class=\"elementor-spacer-inner\"><\/div>\n\t\t<\/div>\n\t\t\t\t\t\t<\/div>\n\t\t\t\t<\/div>\n\t\t\t\t\t<\/div>\n\t\t<\/div>\n\t\t\t\t\t<\/div>\n\t\t<\/section>\n\t\t\t\t<section class=\"elementor-section elementor-top-section elementor-element elementor-element-21af393 scheme_light elementor-section-boxed elementor-section-height-default elementor-section-height-default sc_fly_static\" data-id=\"21af393\" data-element_type=\"section\">\n\t\t\t\t\t\t<div class=\"elementor-container elementor-column-gap-extended\">\n\t\t\t\t\t<div class=\"elementor-column elementor-col-100 elementor-top-column elementor-element elementor-element-32d2a34 sc_content_align_inherit sc_layouts_column_icons_position_left sc_fly_static\" data-id=\"32d2a34\" data-element_type=\"column\">\n\t\t\t<div class=\"elementor-widget-wrap elementor-element-populated\">\n\t\t\t\t\t\t<div class=\"elementor-element elementor-element-8ba7c9a sc_height_huge sc_fly_static elementor-widget elementor-widget-spacer\" data-id=\"8ba7c9a\" data-element_type=\"widget\" data-widget_type=\"spacer.default\">\n\t\t\t\t<div class=\"elementor-widget-container\">\n\t\t\t\t\t\t\t<div class=\"elementor-spacer\">\n\t\t\t<div class=\"elementor-spacer-inner\"><\/div>\n\t\t<\/div>\n\t\t\t\t\t\t<\/div>\n\t\t\t\t<\/div>\n\t\t\t\t<div class=\"elementor-element elementor-element-abe8b3d sc_fly_static elementor-widget elementor-widget-trx_sc_services\" data-id=\"abe8b3d\" data-element_type=\"widget\" data-widget_type=\"trx_sc_services.default\">\n\t\t\t\t<div class=\"elementor-widget-container\">\n\t\t\t\t\t<div class=\"sc_services sc_services_modern sc_services_featured_top\"><div class=\"sc_services_columns_wrap sc_item_columns sc_item_posts_container sc_item_columns_3 trx_addons_columns_wrap columns_padding_bottom columns_in_single_row\"><div class=\"trx_addons_column-1_3\"><div data-post-id=\"21820\" class=\"sc_services_item sc_item_container post_container no_links with_content with_icon sc_services_item_featured_top post-21820 cpt_services type-cpt_services status-publish has-post-thumbnail hentry cpt_services_group-was-wir-tun\">\r\n\t<span id=\"sc_services_1529307459_icon-webcam_4\"\r\n\t\t\t\t class=\"sc_services_item_icon sc_icon_type_icons icon-webcam\"><\/span>\t\r\n\t<div class=\"sc_services_item_info\">\r\n\t\t\t\t<div class=\"sc_services_item_header\">\r\n\t\t\t<h4 class=\"sc_services_item_title entry-title\">Digitalisierung und Automatisierung<\/h4>\r\n\t\t\t\t\t\t\t\t<\/div>\r\n\t\t\t\t\t\t\t<div class=\"sc_services_item_content\"><p>Wir suchen nach Unternehmen, die Technologien wie IoT, industrielle Software oder Automatisierung auf reale Produktionsprozesse anwenden.<\/p>\n<\/div><\/div><\/div>\r\n<\/div><div class=\"trx_addons_column-1_3\"><div data-post-id=\"21828\" class=\"sc_services_item sc_item_container post_container no_links with_content with_icon sc_services_item_featured_top post-21828 cpt_services type-cpt_services status-publish has-post-thumbnail hentry cpt_services_group-was-wir-tun\">\r\n\t<span id=\"sc_services_414296769_icon-employee_5\"\r\n\t\t\t\t class=\"sc_services_item_icon sc_icon_type_icons icon-employee\"><\/span>\t\r\n\t<div class=\"sc_services_item_info\">\r\n\t\t\t\t<div class=\"sc_services_item_header\">\r\n\t\t\t<h4 class=\"sc_services_item_title entry-title\">Transformation und Investitionsg\u00fcter<\/h4>\r\n\t\t\t\t\t\t\t\t<\/div>\r\n\t\t\t\t\t\t\t<div class=\"sc_services_item_content\"><p>Investitionen in verarbeitende Industrien, technische Prozesse und Cash-Generierungskapazit\u00e4ten.<\/p>\n<\/div><\/div><\/div>\r\n<\/div><div class=\"trx_addons_column-1_3\"><div data-post-id=\"21855\" class=\"sc_services_item sc_item_container post_container no_links with_content with_icon sc_services_item_featured_top post-21855 cpt_services type-cpt_services status-publish has-post-thumbnail hentry cpt_services_group-was-wir-tun\">\r\n\t<span id=\"sc_services_119003811_icon-deadline_6\"\r\n\t\t\t\t class=\"sc_services_item_icon sc_icon_type_icons icon-deadline\"><\/span>\t\r\n\t<div class=\"sc_services_item_info\">\r\n\t\t\t\t<div class=\"sc_services_item_header\">\r\n\t\t\t<h4 class=\"sc_services_item_title entry-title\">Projektgesch\u00e4ft<\/h4>\r\n\t\t\t\t\t\t\t\t<\/div>\r\n\t\t\t\t\t\t\t<div class=\"sc_services_item_content\"><p>Konzentriert sich auf den Entwurf, das Management und die Bereitstellung spezifischer L\u00f6sungen, die die Bereiche Technik, Planung und Ausf\u00fchrung integrieren.<\/p>\n<\/div><\/div><\/div>\r\n<\/div><\/div><\/div>\t\t\t\t<\/div>\n\t\t\t\t<\/div>\n\t\t\t\t<div class=\"elementor-element elementor-element-b107cf2 sc_height_huge sc_fly_static elementor-widget elementor-widget-spacer\" data-id=\"b107cf2\" data-element_type=\"widget\" data-widget_type=\"spacer.default\">\n\t\t\t\t<div class=\"elementor-widget-container\">\n\t\t\t\t\t\t\t<div class=\"elementor-spacer\">\n\t\t\t<div class=\"elementor-spacer-inner\"><\/div>\n\t\t<\/div>\n\t\t\t\t\t\t<\/div>\n\t\t\t\t<\/div>\n\t\t\t\t\t<\/div>\n\t\t<\/div>\n\t\t\t\t\t<\/div>\n\t\t<\/section>\n\t\t\t\t<\/div>\n\t\t","protected":false},"excerpt":{"rendered":"<p>Unser industrieller Fokus Wir aktivieren Sektoren mit Potenzial Bei ALA Industrial Partners konzentrieren wir uns auf reale Industrien, idealerweise mit damit verbundenen wiederkehrenden Produkten und Dienstleistungen. Spin-offs and technical support&hellip;<\/p>\n","protected":false},"author":1,"featured_media":21585,"parent":0,"menu_order":0,"comment_status":"closed","ping_status":"closed","template":"","meta":{"footnotes":""},"class_list":["post-21584","page","type-page","status-publish","has-post-thumbnail","hentry"],"_links":{"self":[{"href":"https:\/\/alaindustrialpartners.com\/de\/wp-json\/wp\/v2\/pages\/21584","targetHints":{"allow":["GET"]}}],"collection":[{"href":"https:\/\/alaindustrialpartners.com\/de\/wp-json\/wp\/v2\/pages"}],"about":[{"href":"https:\/\/alaindustrialpartners.com\/de\/wp-json\/wp\/v2\/types\/page"}],"author":[{"embeddable":true,"href":"https:\/\/alaindustrialpartners.com\/de\/wp-json\/wp\/v2\/users\/1"}],"replies":[{"embeddable":true,"href":"https:\/\/alaindustrialpartners.com\/de\/wp-json\/wp\/v2\/comments?post=21584"}],"version-history":[{"count":1,"href":"https:\/\/alaindustrialpartners.com\/de\/wp-json\/wp\/v2\/pages\/21584\/revisions"}],"predecessor-version":[{"id":21586,"href":"https:\/\/alaindustrialpartners.com\/de\/wp-json\/wp\/v2\/pages\/21584\/revisions\/21586"}],"wp:featuredmedia":[{"embeddable":true,"href":"https:\/\/alaindustrialpartners.com\/de\/wp-json\/wp\/v2\/media\/21585"}],"wp:attachment":[{"href":"https:\/\/alaindustrialpartners.com\/de\/wp-json\/wp\/v2\/media?parent=21584"}],"curies":[{"name":"wp","href":"https:\/\/api.w.org\/{rel}","templated":true}]}}