{"id":21614,"date":"2025-05-22T14:31:00","date_gmt":"2025-05-22T12:31:00","guid":{"rendered":"https:\/\/alaindustrialpartners.com\/unser-prozess\/"},"modified":"2025-07-24T11:51:13","modified_gmt":"2025-07-24T09:51:13","slug":"unser-prozess","status":"publish","type":"page","link":"https:\/\/alaindustrialpartners.com\/de\/unser-prozess\/","title":{"rendered":"Unser Prozess"},"content":{"rendered":"\t\t<div data-elementor-type=\"wp-page\" data-elementor-id=\"21614\" class=\"elementor elementor-21614 elementor-21375\">\n\t\t\t\t\t\t<section class=\"elementor-section elementor-top-section elementor-element elementor-element-8c78dce elementor-section-boxed elementor-section-height-default elementor-section-height-default sc_fly_static\" data-id=\"8c78dce\" data-element_type=\"section\">\n\t\t\t\t\t\t<div class=\"elementor-container elementor-column-gap-extended\">\n\t\t\t\t\t<div class=\"elementor-column elementor-col-100 elementor-top-column elementor-element elementor-element-f4c0de5 sc_content_align_inherit sc_layouts_column_icons_position_left sc_fly_static\" data-id=\"f4c0de5\" data-element_type=\"column\">\n\t\t\t<div class=\"elementor-widget-wrap elementor-element-populated\">\n\t\t\t\t\t\t<div class=\"elementor-element elementor-element-6baf7bf sc_height_large sc_fly_static elementor-widget elementor-widget-spacer\" data-id=\"6baf7bf\" data-element_type=\"widget\" data-widget_type=\"spacer.default\">\n\t\t\t\t<div class=\"elementor-widget-container\">\n\t\t\t\t\t\t\t<div class=\"elementor-spacer\">\n\t\t\t<div class=\"elementor-spacer-inner\"><\/div>\n\t\t<\/div>\n\t\t\t\t\t\t<\/div>\n\t\t\t\t<\/div>\n\t\t\t\t<div class=\"elementor-element elementor-element-a3643ee sc_layouts_hide_on_tablet sc_layouts_hide_on_mobile sc_fly_static elementor-widget elementor-widget-spacer\" data-id=\"a3643ee\" data-element_type=\"widget\" data-widget_type=\"spacer.default\">\n\t\t\t\t<div class=\"elementor-widget-container\">\n\t\t\t\t\t\t\t<div class=\"elementor-spacer\">\n\t\t\t<div class=\"elementor-spacer-inner\"><\/div>\n\t\t<\/div>\n\t\t\t\t\t\t<\/div>\n\t\t\t\t<\/div>\n\t\t\t\t<div class=\"elementor-element elementor-element-f2fba51 sc_fly_static elementor-widget elementor-widget-trx_sc_title\" data-id=\"f2fba51\" data-element_type=\"widget\" data-widget_type=\"trx_sc_title.default\">\n\t\t\t\t<div class=\"elementor-widget-container\">\n\t\t\t\t\t<div\t\tclass=\"sc_title sc_title_default\" ><span class=\"sc_item_subtitle sc_title_subtitle sc_align_center sc_item_subtitle_above sc_item_title_style_default\">ala industrial partners<\/span><h1 class=\"sc_item_title sc_title_title sc_align_center sc_item_title_style_default sc_item_title_tag\"\n\t\t\t><span class=\"sc_item_title_text\">Wie arbeiten wir?<\/span><\/h1><\/div>\t\t\t\t<\/div>\n\t\t\t\t<\/div>\n\t\t\t\t<div class=\"elementor-element elementor-element-625ab0c sc_fly_static elementor-widget elementor-widget-spacer\" data-id=\"625ab0c\" data-element_type=\"widget\" data-widget_type=\"spacer.default\">\n\t\t\t\t<div class=\"elementor-widget-container\">\n\t\t\t\t\t\t\t<div class=\"elementor-spacer\">\n\t\t\t<div class=\"elementor-spacer-inner\"><\/div>\n\t\t<\/div>\n\t\t\t\t\t\t<\/div>\n\t\t\t\t<\/div>\n\t\t\t\t\t<\/div>\n\t\t<\/div>\n\t\t\t\t\t<\/div>\n\t\t<\/section>\n\t\t\t\t<section class=\"elementor-section elementor-top-section elementor-element elementor-element-2b27024 elementor-section-boxed elementor-section-height-default elementor-section-height-default sc_fly_static\" data-id=\"2b27024\" data-element_type=\"section\">\n\t\t\t\t\t\t<div class=\"elementor-container elementor-column-gap-extended\">\n\t\t\t\t\t<div class=\"elementor-column elementor-col-100 elementor-top-column elementor-element elementor-element-000d1a9 sc_content_align_inherit sc_layouts_column_icons_position_left sc_fly_static\" data-id=\"000d1a9\" data-element_type=\"column\">\n\t\t\t<div class=\"elementor-widget-wrap elementor-element-populated\">\n\t\t\t\t\t\t<div class=\"elementor-element elementor-element-f9263fa sc_fly_static elementor-widget elementor-widget-trx_sc_services\" data-id=\"f9263fa\" data-element_type=\"widget\" data-widget_type=\"trx_sc_services.default\">\n\t\t\t\t<div class=\"elementor-widget-container\">\n\t\t\t\t\t<div class=\"sc_services sc_services_default sc_services_featured_top\"><div class=\"sc_services_columns_wrap sc_item_columns sc_item_posts_container sc_item_columns_3 trx_addons_columns_wrap columns_padding_bottom\"><div class=\"trx_addons_column-1_3\"><div data-post-id=\"21830\" class=\"sc_services_item sc_item_container post_container no_links with_content with_image sc_services_item_featured_top post-21830 cpt_services type-cpt_services status-publish has-post-thumbnail hentry cpt_services_group-unser-prozess\" data-item-number=\"1\"\r\n>\r\n\t<div class=\"post_featured with_thumb hover_link sc_services_item_thumb\"><img fetchpriority=\"high\" decoding=\"async\" width=\"890\" height=\"664\" src=\"https:\/\/alaindustrialpartners.com\/wp-content\/uploads\/2021\/07\/ala-1-890x664.jpg\" class=\"attachment-abogado-thumb-square size-abogado-thumb-square wp-post-image\" alt=\"\" \/>\t\t\t\t\t\t<div class=\"mask\"><\/div>\r\n\t\t\t\t\t\t\t\t\t<a href=\"javascript:void(0)\"  aria-hidden=\"true\" class=\"link\"><\/a>\r\n\t\t\t<\/div>\t\r\n\t<div class=\"sc_services_item_info\">\r\n\t\t\t\t<div class=\"sc_services_item_header\">\r\n\t\t\t\t\t\t<h4 class=\"sc_services_item_title entry-title\">1. Aktives Zuh\u00f6ren auf dem Markt<\/h4>\r\n\t\t\t\t\t<\/div>\r\n\t\t                    <div class=\"sc_services_item_content\"><p>Wir stehen in st\u00e4ndigem Kontakt mit dem industriellen \u00d6kosystem, um Trends, Bed\u00fcrfnisse<br \/>\nund M\u00f6glichkeiten zu erkennen.<\/p>\n<\/div><\/div>\r\n<\/div>\r\n<\/div><div class=\"trx_addons_column-1_3\"><div data-post-id=\"21845\" class=\"sc_services_item sc_item_container post_container no_links with_content with_image sc_services_item_featured_top post-21845 cpt_services type-cpt_services status-publish has-post-thumbnail hentry cpt_services_group-unser-prozess\" data-item-number=\"2\"\r\n>\r\n\t<div class=\"post_featured with_thumb hover_link sc_services_item_thumb\"><img decoding=\"async\" width=\"890\" height=\"664\" src=\"https:\/\/alaindustrialpartners.com\/wp-content\/uploads\/2021\/07\/ala12-890x664.jpg\" class=\"attachment-abogado-thumb-square size-abogado-thumb-square wp-post-image\" alt=\"\" \/>\t\t\t\t\t\t<div class=\"mask\"><\/div>\r\n\t\t\t\t\t\t\t\t\t<a href=\"javascript:void(0)\"  aria-hidden=\"true\" class=\"link\"><\/a>\r\n\t\t\t<\/div>\t\r\n\t<div class=\"sc_services_item_info\">\r\n\t\t\t\t<div class=\"sc_services_item_header\">\r\n\t\t\t\t\t\t<h4 class=\"sc_services_item_title entry-title\">Identifizierung von Industrieunternehmen mit Potenzial<\/h4>\r\n\t\t\t\t\t<\/div>\r\n\t\t                    <div class=\"sc_services_item_content\"><p>Durch unser professionelles Netzwerk sp\u00fcren wir Unternehmen auf, die sich im Umbruch befinden, die Nachfolgeprobleme haben oder Verbesserungspotenzial bieten.<\/p>\n<\/div><\/div>\r\n<\/div>\r\n<\/div><div class=\"trx_addons_column-1_3\"><div data-post-id=\"21816\" class=\"sc_services_item sc_item_container post_container no_links with_content with_image sc_services_item_featured_top post-21816 cpt_services type-cpt_services status-publish has-post-thumbnail hentry cpt_services_group-unser-prozess\" data-item-number=\"3\"\r\n>\r\n\t<div class=\"post_featured with_thumb hover_link sc_services_item_thumb\"><img decoding=\"async\" width=\"890\" height=\"664\" src=\"https:\/\/alaindustrialpartners.com\/wp-content\/uploads\/2021\/07\/ala13-890x664.jpg\" class=\"attachment-abogado-thumb-square size-abogado-thumb-square wp-post-image\" alt=\"\" \/>\t\t\t\t\t\t<div class=\"mask\"><\/div>\r\n\t\t\t\t\t\t\t\t\t<a href=\"javascript:void(0)\"  aria-hidden=\"true\" class=\"link\"><\/a>\r\n\t\t\t<\/div>\t\r\n\t<div class=\"sc_services_item_info\">\r\n\t\t\t\t<div class=\"sc_services_item_header\">\r\n\t\t\t\t\t\t<h4 class=\"sc_services_item_title entry-title\">3. Vorl\u00e4ufige Analyse<\/h4>\r\n\t\t\t\t\t<\/div>\r\n\t\t                    <div class=\"sc_services_item_content\"><p>Wir untersuchen die operative, strategische und finanzielle Machbarkeit des Projekts.<\/p>\n<\/div><\/div>\r\n<\/div>\r\n<\/div><div class=\"trx_addons_column-1_3\"><div data-post-id=\"21826\" class=\"sc_services_item sc_item_container post_container no_links with_content with_image sc_services_item_featured_top post-21826 cpt_services type-cpt_services status-publish has-post-thumbnail hentry cpt_services_group-unser-prozess\" data-item-number=\"4\"\r\n>\r\n\t<div class=\"post_featured with_thumb hover_link sc_services_item_thumb\"><img loading=\"lazy\" decoding=\"async\" width=\"890\" height=\"664\" src=\"https:\/\/alaindustrialpartners.com\/wp-content\/uploads\/2025\/05\/ala14-890x664.jpg\" class=\"attachment-abogado-thumb-square size-abogado-thumb-square wp-post-image\" alt=\"\" \/>\t\t\t\t\t\t<div class=\"mask\"><\/div>\r\n\t\t\t\t\t\t\t\t\t<a href=\"javascript:void(0)\"  aria-hidden=\"true\" class=\"link\"><\/a>\r\n\t\t\t<\/div>\t\r\n\t<div class=\"sc_services_item_info\">\r\n\t\t\t\t<div class=\"sc_services_item_header\">\r\n\t\t\t\t\t\t<h4 class=\"sc_services_item_title entry-title\">4. Vorschlag zur Immobilie<\/h4>\r\n\t\t\t\t\t<\/div>\r\n\t\t                    <div class=\"sc_services_item_content\"><p>Wir entwerfen flexible Strukturen: Verkauf und Kauf, Co-Investition oder delegierte Verwaltung, je nach Fall.<\/p>\n<\/div><\/div>\r\n<\/div>\r\n<\/div><div class=\"trx_addons_column-1_3\"><div data-post-id=\"21853\" class=\"sc_services_item sc_item_container post_container no_links with_content with_image sc_services_item_featured_top post-21853 cpt_services type-cpt_services status-publish has-post-thumbnail hentry cpt_services_group-unser-prozess\" data-item-number=\"5\"\r\n>\r\n\t<div class=\"post_featured with_thumb hover_link sc_services_item_thumb\"><img loading=\"lazy\" decoding=\"async\" width=\"890\" height=\"664\" src=\"https:\/\/alaindustrialpartners.com\/wp-content\/uploads\/2025\/05\/ala15-890x664.jpg\" class=\"attachment-abogado-thumb-square size-abogado-thumb-square wp-post-image\" alt=\"\" \/>\t\t\t\t\t\t<div class=\"mask\"><\/div>\r\n\t\t\t\t\t\t\t\t\t<a href=\"javascript:void(0)\"  aria-hidden=\"true\" class=\"link\"><\/a>\r\n\t\t\t<\/div>\t\r\n\t<div class=\"sc_services_item_info\">\r\n\t\t\t\t<div class=\"sc_services_item_header\">\r\n\t\t\t\t\t\t<h4 class=\"sc_services_item_title entry-title\">5. Talent- und Kapitalaktivierung<\/h4>\r\n\t\t\t\t\t<\/div>\r\n\t\t                    <div class=\"sc_services_item_content\"><p>Wir mobilisieren unsere erfahrenen Fachleute und suchen Investoren, die mit der Vision des Projekts \u00fcbereinstimmen.<\/p>\n<\/div><\/div>\r\n<\/div>\r\n<\/div><div class=\"trx_addons_column-1_3\"><div data-post-id=\"21834\" class=\"sc_services_item sc_item_container post_container no_links with_content with_image sc_services_item_featured_top post-21834 cpt_services type-cpt_services status-publish has-post-thumbnail hentry cpt_services_group-unser-prozess\" data-item-number=\"6\"\r\n>\r\n\t<div class=\"post_featured with_thumb hover_link sc_services_item_thumb\"><img loading=\"lazy\" decoding=\"async\" width=\"890\" height=\"664\" src=\"https:\/\/alaindustrialpartners.com\/wp-content\/uploads\/2025\/05\/ala16-890x664.jpg\" class=\"attachment-abogado-thumb-square size-abogado-thumb-square wp-post-image\" alt=\"\" srcset=\"https:\/\/alaindustrialpartners.com\/wp-content\/uploads\/2025\/05\/ala16-890x664.jpg 890w, https:\/\/alaindustrialpartners.com\/wp-content\/uploads\/2025\/05\/ala16-300x225.jpg 300w\" sizes=\"(max-width: 890px) 100vw, 890px\" \/>\t\t\t\t\t\t<div class=\"mask\"><\/div>\r\n\t\t\t\t\t\t\t\t\t<a href=\"javascript:void(0)\"  aria-hidden=\"true\" class=\"link\"><\/a>\r\n\t\t\t<\/div>\t\r\n\t<div class=\"sc_services_item_info\">\r\n\t\t\t\t<div class=\"sc_services_item_header\">\r\n\t\t\t\t\t\t<h4 class=\"sc_services_item_title entry-title\">6. Ausf\u00fchrung der Operation<\/h4>\r\n\t\t\t\t\t<\/div>\r\n\t\t                    <div class=\"sc_services_item_content\"><p>Wir koordinieren Due Diligence, rechtliche Strukturierung und Finanzierung von Anfang bis Ende.<\/p>\n<\/div><\/div>\r\n<\/div>\r\n<\/div><div class=\"trx_addons_column-1_3\"><div data-post-id=\"21797\" class=\"sc_services_item sc_item_container post_container no_links with_content with_image sc_services_item_featured_top post-21797 cpt_services type-cpt_services status-publish has-post-thumbnail hentry cpt_services_group-unser-prozess\" data-item-number=\"7\"\r\n>\r\n\t<div class=\"post_featured with_thumb hover_link sc_services_item_thumb\"><img loading=\"lazy\" decoding=\"async\" width=\"890\" height=\"664\" src=\"https:\/\/alaindustrialpartners.com\/wp-content\/uploads\/2025\/05\/ala17-890x664.jpg\" class=\"attachment-abogado-thumb-square size-abogado-thumb-square wp-post-image\" alt=\"\" \/>\t\t\t\t\t\t<div class=\"mask\"><\/div>\r\n\t\t\t\t\t\t\t\t\t<a href=\"javascript:void(0)\"  aria-hidden=\"true\" class=\"link\"><\/a>\r\n\t\t\t<\/div>\t\r\n\t<div class=\"sc_services_item_info\">\r\n\t\t\t\t<div class=\"sc_services_item_header\">\r\n\t\t\t\t\t\t<h4 class=\"sc_services_item_title entry-title\">7. Industrielle Entwicklung des Projekts<\/h4>\r\n\t\t\t\t\t<\/div>\r\n\t\t                    <div class=\"sc_services_item_content\"><p>Wir begleiten das Tagesgesch\u00e4ft des Unternehmens und ber\u00fccksichtigen dabei operative und strategische Verbesserungen.<\/p>\n<\/div><\/div>\r\n<\/div>\r\n<\/div><div class=\"trx_addons_column-1_3\"><div data-post-id=\"21558\" class=\"sc_services_item sc_item_container post_container no_links with_content with_image sc_services_item_featured_top post-21558 cpt_services type-cpt_services status-publish has-post-thumbnail hentry cpt_services_group-unser-prozess\" data-item-number=\"8\"\r\n>\r\n\t<div class=\"post_featured with_thumb hover_link sc_services_item_thumb\"><img loading=\"lazy\" decoding=\"async\" width=\"890\" height=\"664\" src=\"https:\/\/alaindustrialpartners.com\/wp-content\/uploads\/2025\/05\/ala-8-890x664.jpg\" class=\"attachment-abogado-thumb-square size-abogado-thumb-square wp-post-image\" alt=\"\" srcset=\"https:\/\/alaindustrialpartners.com\/wp-content\/uploads\/2025\/05\/ala-8-890x664.jpg 890w, https:\/\/alaindustrialpartners.com\/wp-content\/uploads\/2025\/05\/ala-8-300x225.jpg 300w, https:\/\/alaindustrialpartners.com\/wp-content\/uploads\/2025\/05\/ala-8-370x277.jpg 370w, https:\/\/alaindustrialpartners.com\/wp-content\/uploads\/2025\/05\/ala-8-410x307.jpg 410w\" sizes=\"(max-width: 890px) 100vw, 890px\" \/>\t\t\t\t\t\t<div class=\"mask\"><\/div>\r\n\t\t\t\t\t\t\t\t\t<a href=\"javascript:void(0)\"  aria-hidden=\"true\" class=\"link\"><\/a>\r\n\t\t\t<\/div>\t\r\n\t<div class=\"sc_services_item_info\">\r\n\t\t\t\t<div class=\"sc_services_item_header\">\r\n\t\t\t\t\t\t<h4 class=\"sc_services_item_title entry-title\">8. Nachhaltige Wertsch\u00f6pfung<\/h4>\r\n\t\t\t\t\t<\/div>\r\n\t\t                    <div class=\"sc_services_item_content\"><p>Unser Ziel ist es, solide Unternehmen mit langfristiger wirtschaftlicher, sozialer und territorialer Wirkung aufzubauen.<\/p>\n<\/div><\/div>\r\n<\/div>\r\n<\/div><\/div><\/div>\t\t\t\t<\/div>\n\t\t\t\t<\/div>\n\t\t\t\t<div class=\"elementor-element elementor-element-f33387b sc_layouts_hide_on_wide sc_layouts_hide_on_desktop sc_layouts_hide_on_notebook sc_fly_static elementor-widget elementor-widget-spacer\" data-id=\"f33387b\" data-element_type=\"widget\" data-widget_type=\"spacer.default\">\n\t\t\t\t<div class=\"elementor-widget-container\">\n\t\t\t\t\t\t\t<div class=\"elementor-spacer\">\n\t\t\t<div class=\"elementor-spacer-inner\"><\/div>\n\t\t<\/div>\n\t\t\t\t\t\t<\/div>\n\t\t\t\t<\/div>\n\t\t\t\t<div class=\"elementor-element elementor-element-bb39b35 sc_layouts_hide_on_tablet sc_layouts_hide_on_mobile sc_fly_static elementor-widget elementor-widget-spacer\" data-id=\"bb39b35\" data-element_type=\"widget\" data-widget_type=\"spacer.default\">\n\t\t\t\t<div class=\"elementor-widget-container\">\n\t\t\t\t\t\t\t<div class=\"elementor-spacer\">\n\t\t\t<div class=\"elementor-spacer-inner\"><\/div>\n\t\t<\/div>\n\t\t\t\t\t\t<\/div>\n\t\t\t\t<\/div>\n\t\t\t\t\t<\/div>\n\t\t<\/div>\n\t\t\t\t\t<\/div>\n\t\t<\/section>\n\t\t\t\t<\/div>\n\t\t","protected":false},"excerpt":{"rendered":"<p>ala industrial partners Wie arbeiten wir? 1. Active listening to the market We are in constant contact with the industrial ecosystem to identify trends, needs and opportunities. Identification of industrial&hellip;<\/p>\n","protected":false},"author":1,"featured_media":21615,"parent":0,"menu_order":0,"comment_status":"closed","ping_status":"closed","template":"","meta":{"footnotes":""},"class_list":["post-21614","page","type-page","status-publish","has-post-thumbnail","hentry"],"_links":{"self":[{"href":"https:\/\/alaindustrialpartners.com\/de\/wp-json\/wp\/v2\/pages\/21614","targetHints":{"allow":["GET"]}}],"collection":[{"href":"https:\/\/alaindustrialpartners.com\/de\/wp-json\/wp\/v2\/pages"}],"about":[{"href":"https:\/\/alaindustrialpartners.com\/de\/wp-json\/wp\/v2\/types\/page"}],"author":[{"embeddable":true,"href":"https:\/\/alaindustrialpartners.com\/de\/wp-json\/wp\/v2\/users\/1"}],"replies":[{"embeddable":true,"href":"https:\/\/alaindustrialpartners.com\/de\/wp-json\/wp\/v2\/comments?post=21614"}],"version-history":[{"count":1,"href":"https:\/\/alaindustrialpartners.com\/de\/wp-json\/wp\/v2\/pages\/21614\/revisions"}],"predecessor-version":[{"id":21624,"href":"https:\/\/alaindustrialpartners.com\/de\/wp-json\/wp\/v2\/pages\/21614\/revisions\/21624"}],"wp:featuredmedia":[{"embeddable":true,"href":"https:\/\/alaindustrialpartners.com\/de\/wp-json\/wp\/v2\/media\/21615"}],"wp:attachment":[{"href":"https:\/\/alaindustrialpartners.com\/de\/wp-json\/wp\/v2\/media?parent=21614"}],"curies":[{"name":"wp","href":"https:\/\/api.w.org\/{rel}","templated":true}]}}