{"id":17053,"date":"2025-05-22T13:20:00","date_gmt":"2025-05-22T11:20:00","guid":{"rendered":"https:\/\/alaindustrialpartners.com\/?page_id=17053"},"modified":"2025-07-27T12:19:33","modified_gmt":"2025-07-27T10:19:33","slug":"quienes-somos","status":"publish","type":"page","link":"https:\/\/alaindustrialpartners.com\/es\/quienes-somos\/","title":{"rendered":"Qui\u00e9nes somos"},"content":{"rendered":"\t\t<div data-elementor-type=\"wp-page\" data-elementor-id=\"17053\" class=\"elementor elementor-17053\">\n\t\t\t\t\t\t<section class=\"elementor-section elementor-top-section elementor-element elementor-element-40bcb8d elementor-section-boxed elementor-section-height-default elementor-section-height-default sc_fly_static\" data-id=\"40bcb8d\" data-element_type=\"section\" data-settings=\"{&quot;background_background&quot;:&quot;classic&quot;}\">\n\t\t\t\t\t\t\t<div class=\"elementor-background-overlay\"><\/div>\n\t\t\t\t\t\t\t<div class=\"elementor-container elementor-column-gap-extended\">\n\t\t\t\t\t<div class=\"elementor-column elementor-col-100 elementor-top-column elementor-element elementor-element-637e497 sc_content_align_inherit sc_layouts_column_icons_position_left sc_fly_static\" data-id=\"637e497\" data-element_type=\"column\">\n\t\t\t<div class=\"elementor-widget-wrap elementor-element-populated\">\n\t\t\t\t\t\t<div class=\"elementor-element elementor-element-db01001 sc_height_huge sc_fly_static elementor-widget elementor-widget-spacer\" data-id=\"db01001\" data-element_type=\"widget\" data-widget_type=\"spacer.default\">\n\t\t\t\t<div class=\"elementor-widget-container\">\n\t\t\t\t\t\t\t<div class=\"elementor-spacer\">\n\t\t\t<div class=\"elementor-spacer-inner\"><\/div>\n\t\t<\/div>\n\t\t\t\t\t\t<\/div>\n\t\t\t\t<\/div>\n\t\t\t\t\t<\/div>\n\t\t<\/div>\n\t\t\t\t\t<\/div>\n\t\t<\/section>\n\t\t\t\t<section class=\"elementor-section elementor-top-section elementor-element elementor-element-d8d17ea elementor-section-boxed elementor-section-height-default elementor-section-height-default sc_fly_static\" data-id=\"d8d17ea\" data-element_type=\"section\">\n\t\t\t\t\t\t<div class=\"elementor-container elementor-column-gap-wider\">\n\t\t\t\t\t<div class=\"elementor-column elementor-col-50 elementor-top-column elementor-element elementor-element-c4326ff sc_content_align_inherit sc_layouts_column_icons_position_left sc_fly_static\" data-id=\"c4326ff\" data-element_type=\"column\">\n\t\t\t<div class=\"elementor-widget-wrap elementor-element-populated\">\n\t\t\t\t\t\t<div class=\"elementor-element elementor-element-1b9fe08 sc_fly_static elementor-widget elementor-widget-image\" data-id=\"1b9fe08\" data-element_type=\"widget\" data-widget_type=\"image.default\">\n\t\t\t\t<div class=\"elementor-widget-container\">\n\t\t\t\t\t\t\t\t\t\t\t\t\t\t\t<img fetchpriority=\"high\" decoding=\"async\" width=\"1920\" height=\"1280\" src=\"https:\/\/alaindustrialpartners.com\/wp-content\/uploads\/2025\/05\/02background.jpg\" class=\"attachment-full size-full wp-image-20614\" alt=\"\" srcset=\"https:\/\/alaindustrialpartners.com\/wp-content\/uploads\/2025\/05\/02background.jpg 1920w, https:\/\/alaindustrialpartners.com\/wp-content\/uploads\/2025\/05\/02background-300x200.jpg 300w, https:\/\/alaindustrialpartners.com\/wp-content\/uploads\/2025\/05\/02background-1024x683.jpg 1024w, https:\/\/alaindustrialpartners.com\/wp-content\/uploads\/2025\/05\/02background-768x512.jpg 768w, https:\/\/alaindustrialpartners.com\/wp-content\/uploads\/2025\/05\/02background-1536x1024.jpg 1536w, https:\/\/alaindustrialpartners.com\/wp-content\/uploads\/2025\/05\/02background-370x247.jpg 370w, https:\/\/alaindustrialpartners.com\/wp-content\/uploads\/2025\/05\/02background-840x560.jpg 840w, https:\/\/alaindustrialpartners.com\/wp-content\/uploads\/2025\/05\/02background-410x273.jpg 410w, https:\/\/alaindustrialpartners.com\/wp-content\/uploads\/2025\/05\/02background-600x400.jpg 600w\" sizes=\"(max-width: 1920px) 100vw, 1920px\" \/>\t\t\t\t\t\t\t\t\t\t\t\t\t\t\t<\/div>\n\t\t\t\t<\/div>\n\t\t\t\t<div class=\"elementor-element elementor-element-4ef5f17 sc_height_medium sc_layouts_hide_on_wide sc_layouts_hide_on_desktop sc_layouts_hide_on_notebook sc_fly_static elementor-widget elementor-widget-spacer\" data-id=\"4ef5f17\" data-element_type=\"widget\" data-widget_type=\"spacer.default\">\n\t\t\t\t<div class=\"elementor-widget-container\">\n\t\t\t\t\t\t\t<div class=\"elementor-spacer\">\n\t\t\t<div class=\"elementor-spacer-inner\"><\/div>\n\t\t<\/div>\n\t\t\t\t\t\t<\/div>\n\t\t\t\t<\/div>\n\t\t\t\t\t<\/div>\n\t\t<\/div>\n\t\t\t\t<div class=\"elementor-column elementor-col-50 elementor-top-column elementor-element elementor-element-22b1eeb sc_content_align_inherit sc_layouts_column_icons_position_left sc_fly_static\" data-id=\"22b1eeb\" data-element_type=\"column\">\n\t\t\t<div class=\"elementor-widget-wrap elementor-element-populated\">\n\t\t\t\t\t\t<div class=\"elementor-element elementor-element-e1fdb1c sc_fly_static elementor-widget elementor-widget-trx_sc_title\" data-id=\"e1fdb1c\" data-element_type=\"widget\" data-widget_type=\"trx_sc_title.default\">\n\t\t\t\t<div class=\"elementor-widget-container\">\n\t\t\t\t\t<div\t\tclass=\"sc_title sc_title_default\" ><span class=\"sc_item_subtitle sc_title_subtitle sc_item_subtitle_above sc_item_title_style_default\">sobre nosotros<\/span><h2 class=\"sc_item_title sc_title_title sc_item_title_style_default sc_item_title_tag\"\n\t\t\t><span class=\"sc_item_title_text\">Somos operadores, <br> no solo asesores.<\/span><\/h2><\/div>\t\t\t\t<\/div>\n\t\t\t\t<\/div>\n\t\t\t\t<div class=\"elementor-element elementor-element-4cad0c7 sc_fly_static elementor-widget elementor-widget-spacer\" data-id=\"4cad0c7\" data-element_type=\"widget\" data-widget_type=\"spacer.default\">\n\t\t\t\t<div class=\"elementor-widget-container\">\n\t\t\t\t\t\t\t<div class=\"elementor-spacer\">\n\t\t\t<div class=\"elementor-spacer-inner\"><\/div>\n\t\t<\/div>\n\t\t\t\t\t\t<\/div>\n\t\t\t\t<\/div>\n\t\t\t\t<div class=\"elementor-element elementor-element-c22a90b sc_fly_static elementor-widget elementor-widget-text-editor\" data-id=\"c22a90b\" data-element_type=\"widget\" data-widget_type=\"text-editor.default\">\n\t\t\t\t<div class=\"elementor-widget-container\">\n\t\t\t\t\t\t\t\t\t<p class=\"p1\">ALA Industrial Partners nace de la convicci\u00f3n de que el tejido industrial necesita nuevos veh\u00edculos que aseguren su continuidad y crecimiento.<\/p>\t\t\t\t\t\t\t\t<\/div>\n\t\t\t\t<\/div>\n\t\t\t\t\t<\/div>\n\t\t<\/div>\n\t\t\t\t\t<\/div>\n\t\t<\/section>\n\t\t\t\t<section class=\"elementor-section elementor-top-section elementor-element elementor-element-fabd26e elementor-section-boxed elementor-section-height-default elementor-section-height-default sc_fly_static\" data-id=\"fabd26e\" data-element_type=\"section\" data-settings=\"{&quot;background_background&quot;:&quot;classic&quot;}\">\n\t\t\t\t\t\t\t<div class=\"elementor-background-overlay\"><\/div>\n\t\t\t\t\t\t\t<div class=\"elementor-container elementor-column-gap-extended\">\n\t\t\t\t\t<div class=\"elementor-column elementor-col-100 elementor-top-column elementor-element elementor-element-0fcc728 sc_content_align_inherit sc_layouts_column_icons_position_left sc_fly_static\" data-id=\"0fcc728\" data-element_type=\"column\">\n\t\t\t<div class=\"elementor-widget-wrap elementor-element-populated\">\n\t\t\t\t\t\t<div class=\"elementor-element elementor-element-be6baea sc_height_huge sc_fly_static elementor-widget elementor-widget-spacer\" data-id=\"be6baea\" data-element_type=\"widget\" data-widget_type=\"spacer.default\">\n\t\t\t\t<div class=\"elementor-widget-container\">\n\t\t\t\t\t\t\t<div class=\"elementor-spacer\">\n\t\t\t<div class=\"elementor-spacer-inner\"><\/div>\n\t\t<\/div>\n\t\t\t\t\t\t<\/div>\n\t\t\t\t<\/div>\n\t\t\t\t\t<\/div>\n\t\t<\/div>\n\t\t\t\t\t<\/div>\n\t\t<\/section>\n\t\t\t\t<section class=\"elementor-section elementor-top-section elementor-element elementor-element-8845b2a elementor-section-boxed elementor-section-height-default elementor-section-height-default sc_fly_static\" data-id=\"8845b2a\" data-element_type=\"section\">\n\t\t\t\t\t\t<div class=\"elementor-container elementor-column-gap-extended\">\n\t\t\t\t\t<div class=\"elementor-column elementor-col-100 elementor-top-column elementor-element elementor-element-76f5e07 sc_content_align_inherit sc_layouts_column_icons_position_left sc_fly_static\" data-id=\"76f5e07\" data-element_type=\"column\">\n\t\t\t<div class=\"elementor-widget-wrap elementor-element-populated\">\n\t\t\t\t\t\t<div class=\"elementor-element elementor-element-a9578a9 sc_fly_static elementor-widget elementor-widget-trx_sc_skills\" data-id=\"a9578a9\" data-element_type=\"widget\" data-widget_type=\"trx_sc_skills.default\">\n\t\t\t\t<div class=\"elementor-widget-container\">\n\t\t\t\t\t<div\t\tclass=\"sc_skills sc_skills_counter sc_skills_counter_style_counter\"\r\n\t\t\t\tdata-type=\"counter\" ><div class=\"sc_skills_columns sc_item_columns trx_addons_columns_wrap columns_padding_bottom columns_in_single_row\"><div class=\"sc_skills_column trx_addons_column-1_4 trx_addons_column-1_2-tablet\"><div class=\"sc_skills_item_wrap sc_skills_item_icon_position_top\"><div class=\"sc_skills_item\"><div class=\"sc_skills_total\" data-start=\"0\" data-stop=\"40\" data-step=\"0.4\" data-max=\"100\" data-speed=\"15\" data-duration=\"1500\" data-ed=\"+\" data-style=\"counter\">0+<\/div><\/div><div class=\"sc_skills_item_title\">Diferentes nacionalidades<\/div><\/div><\/div><div class=\"sc_skills_column trx_addons_column-1_4 trx_addons_column-1_2-tablet\"><div class=\"sc_skills_item_wrap sc_skills_item_icon_position_top\"><div class=\"sc_skills_item\"><div class=\"sc_skills_total\" data-start=\"0\" data-stop=\"9\" data-step=\"0.09\" data-max=\"100\" data-speed=\"15\" data-duration=\"1500\" data-ed=\"\" data-style=\"counter\">0<\/div><\/div><div class=\"sc_skills_item_title\">Sectores industriales<\/div><\/div><\/div><div class=\"sc_skills_column trx_addons_column-1_4 trx_addons_column-1_2-tablet\"><div class=\"sc_skills_item_wrap sc_skills_item_icon_position_top\"><div class=\"sc_skills_item\"><div class=\"sc_skills_total\" data-start=\"0\" data-stop=\"40\" data-step=\"0.4\" data-max=\"100\" data-speed=\"15\" data-duration=\"1500\" data-ed=\"+\" data-style=\"counter\">0+<\/div><\/div><div class=\"sc_skills_item_title\">Pa\u00edses con proyectos finalizados<\/div><\/div><\/div><div class=\"sc_skills_column trx_addons_column-1_4 trx_addons_column-1_2-tablet\"><div class=\"sc_skills_item_wrap sc_skills_item_icon_position_top\"><div class=\"sc_skills_item\"><div class=\"sc_skills_total\" data-start=\"0\" data-stop=\"25\" data-step=\"0.25\" data-max=\"100\" data-speed=\"15\" data-duration=\"1500\" data-ed=\"+\" data-style=\"counter\">0+<\/div><\/div><div class=\"sc_skills_item_title\">A\u00f1os de experiencia industrial<\/div><\/div><\/div><\/div><\/div>\t\t\t\t<\/div>\n\t\t\t\t<\/div>\n\t\t\t\t\t<\/div>\n\t\t<\/div>\n\t\t\t\t\t<\/div>\n\t\t<\/section>\n\t\t\t\t<section class=\"elementor-section elementor-top-section elementor-element elementor-element-605ae27 elementor-section-boxed elementor-section-height-default elementor-section-height-default sc_fly_static\" data-id=\"605ae27\" data-element_type=\"section\">\n\t\t\t\t\t\t<div class=\"elementor-container elementor-column-gap-extended\">\n\t\t\t\t\t<div class=\"elementor-column elementor-col-100 elementor-top-column elementor-element elementor-element-f38cba2 sc_content_align_inherit sc_layouts_column_icons_position_left sc_fly_static\" data-id=\"f38cba2\" data-element_type=\"column\">\n\t\t\t<div class=\"elementor-widget-wrap elementor-element-populated\">\n\t\t\t\t\t\t<div class=\"elementor-element elementor-element-7b2e05e sc_height_huge sc_fly_static elementor-widget elementor-widget-spacer\" data-id=\"7b2e05e\" data-element_type=\"widget\" data-widget_type=\"spacer.default\">\n\t\t\t\t<div class=\"elementor-widget-container\">\n\t\t\t\t\t\t\t<div class=\"elementor-spacer\">\n\t\t\t<div class=\"elementor-spacer-inner\"><\/div>\n\t\t<\/div>\n\t\t\t\t\t\t<\/div>\n\t\t\t\t<\/div>\n\t\t\t\t\t<\/div>\n\t\t<\/div>\n\t\t\t\t\t<\/div>\n\t\t<\/section>\n\t\t\t\t<section class=\"elementor-section elementor-top-section elementor-element elementor-element-7b2ac9d elementor-section-stretched scheme_default elementor-section-boxed elementor-section-height-default elementor-section-height-default sc_fly_static\" data-id=\"7b2ac9d\" data-element_type=\"section\" data-settings=\"{&quot;stretch_section&quot;:&quot;section-stretched&quot;,&quot;background_background&quot;:&quot;classic&quot;}\">\n\t\t\t\t\t\t<div class=\"elementor-container elementor-column-gap-extended\">\n\t\t\t\t\t<div class=\"elementor-column elementor-col-100 elementor-top-column elementor-element elementor-element-ca4074a sc_content_align_inherit sc_layouts_column_icons_position_left sc_fly_static\" data-id=\"ca4074a\" data-element_type=\"column\">\n\t\t\t<div class=\"elementor-widget-wrap elementor-element-populated\">\n\t\t\t\t\t\t<div class=\"elementor-element elementor-element-200fb12 sc_height_huge sc_fly_static elementor-widget elementor-widget-spacer\" data-id=\"200fb12\" data-element_type=\"widget\" data-widget_type=\"spacer.default\">\n\t\t\t\t<div class=\"elementor-widget-container\">\n\t\t\t\t\t\t\t<div class=\"elementor-spacer\">\n\t\t\t<div class=\"elementor-spacer-inner\"><\/div>\n\t\t<\/div>\n\t\t\t\t\t\t<\/div>\n\t\t\t\t<\/div>\n\t\t\t\t<section class=\"elementor-section elementor-inner-section elementor-element elementor-element-9aafbce elementor-section-content-top elementor-section-boxed elementor-section-height-default elementor-section-height-default sc_fly_static\" data-id=\"9aafbce\" data-element_type=\"section\">\n\t\t\t\t\t\t<div class=\"elementor-container elementor-column-gap-no\">\n\t\t\t\t\t<div class=\"elementor-column elementor-col-50 elementor-inner-column elementor-element elementor-element-d32712d sc_content_align_inherit sc_layouts_column_icons_position_left sc_fly_static\" data-id=\"d32712d\" data-element_type=\"column\">\n\t\t\t<div class=\"elementor-widget-wrap elementor-element-populated\">\n\t\t\t\t\t\t<div class=\"elementor-element elementor-element-5cf9962 sc_fly_static elementor-widget elementor-widget-trx_sc_title\" data-id=\"5cf9962\" data-element_type=\"widget\" data-widget_type=\"trx_sc_title.default\">\n\t\t\t\t<div class=\"elementor-widget-container\">\n\t\t\t\t\t<div\t\tclass=\"sc_title sc_title_default\" ><span class=\"sc_item_subtitle sc_title_subtitle sc_item_subtitle_above sc_item_title_style_default\">nuestro equipo<\/span><h2 class=\"sc_item_title sc_title_title sc_item_title_style_default sc_item_title_tag\"\n\t\t\t><span class=\"sc_item_title_text\">Experiencia industrial <\/span><\/h2><\/div>\t\t\t\t<\/div>\n\t\t\t\t<\/div>\n\t\t\t\t\t<\/div>\n\t\t<\/div>\n\t\t\t\t<div class=\"elementor-column elementor-col-50 elementor-inner-column elementor-element elementor-element-1cd1af2 sc_content_align_inherit sc_layouts_column_icons_position_left sc_fly_static\" data-id=\"1cd1af2\" data-element_type=\"column\">\n\t\t\t<div class=\"elementor-widget-wrap elementor-element-populated\">\n\t\t\t\t\t\t<div class=\"elementor-element elementor-element-a2ad9bc sc_layouts_hide_on_tablet sc_layouts_hide_on_mobile sc_fly_static elementor-widget elementor-widget-spacer\" data-id=\"a2ad9bc\" data-element_type=\"widget\" data-widget_type=\"spacer.default\">\n\t\t\t\t<div class=\"elementor-widget-container\">\n\t\t\t\t\t\t\t<div class=\"elementor-spacer\">\n\t\t\t<div class=\"elementor-spacer-inner\"><\/div>\n\t\t<\/div>\n\t\t\t\t\t\t<\/div>\n\t\t\t\t<\/div>\n\t\t\t\t<div class=\"elementor-element elementor-element-37300b1 sc_fly_static elementor-widget elementor-widget-text-editor\" data-id=\"37300b1\" data-element_type=\"widget\" data-widget_type=\"text-editor.default\">\n\t\t\t\t<div class=\"elementor-widget-container\">\n\t\t\t\t\t\t\t\t\t<p>En ALA Industrial Partners contamos con una red de profesionales con d\u00e9cadas de experiencia internacional en sectores industriales clave. Nuestro equipo combina conocimiento t\u00e9cnico, visi\u00f3n estrat\u00e9gica y capacidad operativa, lo que nos permite liderar transformaciones reales en empresas industriales desde dentro.<\/p>\t\t\t\t\t\t\t\t<\/div>\n\t\t\t\t<\/div>\n\t\t\t\t\t<\/div>\n\t\t<\/div>\n\t\t\t\t\t<\/div>\n\t\t<\/section>\n\t\t\t\t<div class=\"elementor-element elementor-element-ba98aa3 sc_layouts_hide_on_mobile sc_fly_static elementor-widget elementor-widget-spacer\" data-id=\"ba98aa3\" data-element_type=\"widget\" data-widget_type=\"spacer.default\">\n\t\t\t\t<div class=\"elementor-widget-container\">\n\t\t\t\t\t\t\t<div class=\"elementor-spacer\">\n\t\t\t<div class=\"elementor-spacer-inner\"><\/div>\n\t\t<\/div>\n\t\t\t\t\t\t<\/div>\n\t\t\t\t<\/div>\n\t\t\t\t<div class=\"elementor-element elementor-element-da9f0e2 sc_layouts_hide_on_wide sc_layouts_hide_on_desktop sc_layouts_hide_on_notebook sc_layouts_hide_on_tablet sc_fly_static elementor-widget elementor-widget-spacer\" data-id=\"da9f0e2\" data-element_type=\"widget\" data-widget_type=\"spacer.default\">\n\t\t\t\t<div class=\"elementor-widget-container\">\n\t\t\t\t\t\t\t<div class=\"elementor-spacer\">\n\t\t\t<div class=\"elementor-spacer-inner\"><\/div>\n\t\t<\/div>\n\t\t\t\t\t\t<\/div>\n\t\t\t\t<\/div>\n\t\t\t\t<div class=\"elementor-element elementor-element-727e1a2 sc_fly_static elementor-widget elementor-widget-trx_sc_team\" data-id=\"727e1a2\" data-element_type=\"widget\" data-widget_type=\"trx_sc_team.default\">\n\t\t\t\t<div class=\"elementor-widget-container\">\n\t\t\t\t\t<div \t\tclass=\"sc_team sc_team_3d-simple\"><div class=\"sc_team_columns_wrap sc_item_columns sc_item_posts_container trx_addons_columns_wrap columns_padding_bottom columns_in_single_row\"><div class=\"trx_addons_column-1_2\"><div data-post-id=\"1164\" class=\"sc_team_item sc_item_container post_container start-inner-3d no_links post-1164 cpt_team type-cpt_team status-publish has-post-thumbnail hentry cpt_team_group-socios\">\r\n\t<div class=\"post_featured sc_team_item_thumb trx_addons_hover trx_addons_hover_style_info_anim\"><img decoding=\"async\" width=\"570\" height=\"696\" src=\"https:\/\/alaindustrialpartners.com\/wp-content\/uploads\/2020\/04\/MAF_0025_pp_RET2-570x696.jpg\" class=\"attachment-abogado-thumb-rectangle size-abogado-thumb-rectangle wp-post-image\" alt=\"\" \/><a class=\"post_link sc_team_item_link\" href=\"https:\/\/alaindustrialpartners.com\/es\/team\/manuel-alvarez\/\"><\/a><div class=\"trx_addons_hover_mask\"><\/div><\/div>\t<div class=\"sc_team_item_info\">\r\n\t\t<div class=\"sc_team_item_header\">\r\n\t\t\t<h4 class=\"sc_team_item_title entry-title\"><a href=\"https:\/\/alaindustrialpartners.com\/es\/team\/manuel-alvarez\/\">Manuel Alvarez<\/a><\/h4>\r\n\t\t\t<div class=\"sc_team_item_subtitle\">Founding Partner<\/div>\t\t<\/div>\r\n\t\t\t\t\t<div class=\"trx_addons_hover_team\"><div class=\"sc_team_item_socials socials_wrap trx_addons_hover_info\"> <a target=\"_blank\" rel=\"nofollow\" href=\"https:\/\/www.linkedin.com\/in\/manuel-antonio-alvarez-fidalgo\" class=\"social_item social_item_style_icons sc_icon_type_icons social_item_type_icons\"><span class=\"social_icon social_icon_linkedin\" style=\"\"><span class=\"screen-reader-text\">linkedin<\/span><span class=\"icon-linkedin\"><\/span><\/span><\/a><\/div><\/div>\r\n\t\t\t\t<\/div>\r\n\r\n<\/div>\r\n<\/div><div class=\"trx_addons_column-1_2\"><div data-post-id=\"1163\" class=\"sc_team_item sc_item_container post_container start-inner-3d no_links post-1163 cpt_team type-cpt_team status-publish has-post-thumbnail hentry cpt_team_group-socios\">\r\n\t<div class=\"post_featured sc_team_item_thumb trx_addons_hover trx_addons_hover_style_info_anim\"><img decoding=\"async\" width=\"570\" height=\"696\" src=\"https:\/\/alaindustrialpartners.com\/wp-content\/uploads\/2020\/04\/ILANMA_0031_pp_RET2-570x696.jpg\" class=\"attachment-abogado-thumb-rectangle size-abogado-thumb-rectangle wp-post-image\" alt=\"\" \/><a class=\"post_link sc_team_item_link\" href=\"https:\/\/alaindustrialpartners.com\/es\/team\/inigo-landa\/\"><\/a><div class=\"trx_addons_hover_mask\"><\/div><\/div>\t<div class=\"sc_team_item_info\">\r\n\t\t<div class=\"sc_team_item_header\">\r\n\t\t\t<h4 class=\"sc_team_item_title entry-title\"><a href=\"https:\/\/alaindustrialpartners.com\/es\/team\/inigo-landa\/\">I\u00f1igo Landa<\/a><\/h4>\r\n\t\t\t<div class=\"sc_team_item_subtitle\">Founding Partner<\/div>\t\t<\/div>\r\n\t\t\t\t\t<div class=\"trx_addons_hover_team\"><div class=\"sc_team_item_socials socials_wrap trx_addons_hover_info\"> <a target=\"_blank\" rel=\"nofollow\" href=\"https:\/\/www.linkedin.com\/in\/inigolanda74\/\" class=\"social_item social_item_style_icons sc_icon_type_icons social_item_type_icons\"><span class=\"social_icon social_icon_linkedin\" style=\"\"><span class=\"screen-reader-text\">linkedin<\/span><span class=\"icon-linkedin\"><\/span><\/span><\/a><\/div><\/div>\r\n\t\t\t\t<\/div>\r\n\r\n<\/div>\r\n<\/div><\/div><\/div>\t\t\t\t<\/div>\n\t\t\t\t<\/div>\n\t\t\t\t<div class=\"elementor-element elementor-element-69b5eab sc_height_medium sc_fly_static elementor-widget elementor-widget-spacer\" data-id=\"69b5eab\" data-element_type=\"widget\" data-widget_type=\"spacer.default\">\n\t\t\t\t<div class=\"elementor-widget-container\">\n\t\t\t\t\t\t\t<div class=\"elementor-spacer\">\n\t\t\t<div class=\"elementor-spacer-inner\"><\/div>\n\t\t<\/div>\n\t\t\t\t\t\t<\/div>\n\t\t\t\t<\/div>\n\t\t\t\t<div class=\"elementor-element elementor-element-b3198db sc_layouts_hide_on_wide sc_layouts_hide_on_desktop sc_layouts_hide_on_notebook sc_fly_static elementor-widget elementor-widget-spacer\" data-id=\"b3198db\" data-element_type=\"widget\" data-widget_type=\"spacer.default\">\n\t\t\t\t<div class=\"elementor-widget-container\">\n\t\t\t\t\t\t\t<div class=\"elementor-spacer\">\n\t\t\t<div class=\"elementor-spacer-inner\"><\/div>\n\t\t<\/div>\n\t\t\t\t\t\t<\/div>\n\t\t\t\t<\/div>\n\t\t\t\t\t<\/div>\n\t\t<\/div>\n\t\t\t\t\t<\/div>\n\t\t<\/section>\n\t\t\t\t<section class=\"elementor-section elementor-top-section elementor-element elementor-element-b4fddf8 elementor-section-boxed elementor-section-height-default elementor-section-height-default sc_fly_static\" data-id=\"b4fddf8\" data-element_type=\"section\">\n\t\t\t\t\t\t<div class=\"elementor-container elementor-column-gap-extended\">\n\t\t\t\t\t<div class=\"elementor-column elementor-col-100 elementor-top-column elementor-element elementor-element-f3c3403 sc_content_align_inherit sc_layouts_column_icons_position_left sc_fly_static\" data-id=\"f3c3403\" data-element_type=\"column\">\n\t\t\t<div class=\"elementor-widget-wrap elementor-element-populated\">\n\t\t\t\t\t\t<div class=\"elementor-element elementor-element-f0d36fb sc_height_huge sc_fly_static elementor-widget elementor-widget-spacer\" data-id=\"f0d36fb\" data-element_type=\"widget\" data-widget_type=\"spacer.default\">\n\t\t\t\t<div class=\"elementor-widget-container\">\n\t\t\t\t\t\t\t<div class=\"elementor-spacer\">\n\t\t\t<div class=\"elementor-spacer-inner\"><\/div>\n\t\t<\/div>\n\t\t\t\t\t\t<\/div>\n\t\t\t\t<\/div>\n\t\t\t\t<div class=\"elementor-element elementor-element-2310fdd sc_fly_static elementor-widget elementor-widget-trx_sc_skills\" data-id=\"2310fdd\" data-element_type=\"widget\" data-widget_type=\"trx_sc_skills.default\">\n\t\t\t\t<div class=\"elementor-widget-container\">\n\t\t\t\t\t<div\t\tclass=\"sc_skills color_style_dark sc_skills_counter sc_skills_counter_style_counter\"\r\n\t\t\t\tdata-type=\"counter\" ><div class=\"sc_skills_columns sc_item_columns trx_addons_columns_wrap columns_padding_bottom columns_in_single_row\"><div class=\"sc_skills_column trx_addons_column-1_4\"><div class=\"sc_skills_item_wrap sc_skills_item_icon_position_top\"><div class=\"sc_skills_item\"><div class=\"sc_skills_total\" data-start=\"0\" data-stop=\"3\" data-step=\"0.03\" data-max=\"100\" data-speed=\"15\" data-duration=\"1500\" data-ed=\"\" data-style=\"counter\">0<\/div><\/div><div class=\"sc_skills_item_title\" style=\"color: #F55E45\">Transacciones completadas en 2025<\/div><\/div><\/div><div class=\"sc_skills_column trx_addons_column-1_4\"><div class=\"sc_skills_item_wrap sc_skills_item_icon_position_top\"><div class=\"sc_skills_item\"><div class=\"sc_skills_total\" data-start=\"0\" data-stop=\"100\" data-step=\"1\" data-max=\"100\" data-speed=\"15\" data-duration=\"1500\" data-ed=\"%\" data-style=\"counter\">0%<\/div><\/div><div class=\"sc_skills_item_title\" style=\"color: #F55E45\">Compromiso operativo en cada compa\u00f1\u00eda participada<\/div><\/div><\/div><div class=\"sc_skills_column trx_addons_column-1_4\"><div class=\"sc_skills_item_wrap sc_skills_item_icon_position_top\"><div class=\"sc_skills_item\"><div class=\"sc_skills_total\" data-start=\"0\" data-stop=\"100\" data-step=\"1\" data-max=\"100\" data-speed=\"15\" data-duration=\"1500\" data-ed=\"%\" data-style=\"counter\">0%<\/div><\/div><div class=\"sc_skills_item_title\" style=\"color: #F55E45\">Transacciones con veh\u00edculo de inversi\u00f3n propio<\/div><\/div><\/div><div class=\"sc_skills_column trx_addons_column-1_4\"><div class=\"sc_skills_item_wrap sc_skills_item_icon_position_top\"><div class=\"sc_skills_item\"><div class=\"sc_skills_total\" data-start=\"0\" data-stop=\"70\" data-step=\"0.7\" data-max=\"100\" data-speed=\"15\" data-duration=\"1500\" data-ed=\"%+\" data-style=\"counter\">0%+<\/div><\/div><div class=\"sc_skills_item_title\" style=\"color: #F55E45\">Socios vinculados al sector industrial<\/div><\/div><\/div><\/div><\/div>\t\t\t\t<\/div>\n\t\t\t\t<\/div>\n\t\t\t\t<div class=\"elementor-element elementor-element-55bcf79 sc_height_huge sc_fly_static elementor-widget elementor-widget-spacer\" data-id=\"55bcf79\" data-element_type=\"widget\" data-widget_type=\"spacer.default\">\n\t\t\t\t<div class=\"elementor-widget-container\">\n\t\t\t\t\t\t\t<div class=\"elementor-spacer\">\n\t\t\t<div class=\"elementor-spacer-inner\"><\/div>\n\t\t<\/div>\n\t\t\t\t\t\t<\/div>\n\t\t\t\t<\/div>\n\t\t\t\t\t<\/div>\n\t\t<\/div>\n\t\t\t\t\t<\/div>\n\t\t<\/section>\n\t\t\t\t<\/div>\n\t\t","protected":false},"excerpt":{"rendered":"<p>sobre nosotros Somos operadores, no solo asesores. ALA Industrial Partners nace de la convicci\u00f3n de que el tejido industrial necesita nuevos veh\u00edculos que aseguren su continuidad y crecimiento. 0+Diferentes nacionalidades0Sectores&hellip;<\/p>\n","protected":false},"author":1,"featured_media":20962,"parent":0,"menu_order":0,"comment_status":"closed","ping_status":"closed","template":"","meta":{"footnotes":""},"class_list":["post-17053","page","type-page","status-publish","has-post-thumbnail","hentry"],"_links":{"self":[{"href":"https:\/\/alaindustrialpartners.com\/es\/wp-json\/wp\/v2\/pages\/17053","targetHints":{"allow":["GET"]}}],"collection":[{"href":"https:\/\/alaindustrialpartners.com\/es\/wp-json\/wp\/v2\/pages"}],"about":[{"href":"https:\/\/alaindustrialpartners.com\/es\/wp-json\/wp\/v2\/types\/page"}],"author":[{"embeddable":true,"href":"https:\/\/alaindustrialpartners.com\/es\/wp-json\/wp\/v2\/users\/1"}],"replies":[{"embeddable":true,"href":"https:\/\/alaindustrialpartners.com\/es\/wp-json\/wp\/v2\/comments?post=17053"}],"version-history":[{"count":67,"href":"https:\/\/alaindustrialpartners.com\/es\/wp-json\/wp\/v2\/pages\/17053\/revisions"}],"predecessor-version":[{"id":22114,"href":"https:\/\/alaindustrialpartners.com\/es\/wp-json\/wp\/v2\/pages\/17053\/revisions\/22114"}],"wp:featuredmedia":[{"embeddable":true,"href":"https:\/\/alaindustrialpartners.com\/es\/wp-json\/wp\/v2\/media\/20962"}],"wp:attachment":[{"href":"https:\/\/alaindustrialpartners.com\/es\/wp-json\/wp\/v2\/media?parent=17053"}],"curies":[{"name":"wp","href":"https:\/\/api.w.org\/{rel}","templated":true}]}}