{"id":17093,"date":"2025-05-22T14:30:00","date_gmt":"2025-05-22T12:30:00","guid":{"rendered":"https:\/\/alaindustrialpartners.com\/?page_id=17093"},"modified":"2025-06-22T23:54:55","modified_gmt":"2025-06-22T21:54:55","slug":"enfoque-industrial","status":"publish","type":"page","link":"https:\/\/alaindustrialpartners.com\/es\/enfoque-industrial\/","title":{"rendered":"Enfoque Industrial"},"content":{"rendered":"\t\t<div data-elementor-type=\"wp-page\" data-elementor-id=\"17093\" class=\"elementor elementor-17093\">\n\t\t\t\t\t\t<section class=\"elementor-section elementor-top-section elementor-element elementor-element-4e1904d elementor-section-boxed elementor-section-height-default elementor-section-height-default sc_fly_static\" data-id=\"4e1904d\" data-element_type=\"section\">\n\t\t\t\t\t\t<div class=\"elementor-container elementor-column-gap-extended\">\n\t\t\t\t\t<div class=\"elementor-column elementor-col-100 elementor-top-column elementor-element elementor-element-738492d sc_content_align_inherit sc_layouts_column_icons_position_left sc_fly_static\" data-id=\"738492d\" data-element_type=\"column\">\n\t\t\t<div class=\"elementor-widget-wrap elementor-element-populated\">\n\t\t\t\t\t\t<div class=\"elementor-element elementor-element-1ba4757 sc_height_large sc_fly_static elementor-widget elementor-widget-spacer\" data-id=\"1ba4757\" data-element_type=\"widget\" data-widget_type=\"spacer.default\">\n\t\t\t\t<div class=\"elementor-widget-container\">\n\t\t\t\t\t\t\t<div class=\"elementor-spacer\">\n\t\t\t<div class=\"elementor-spacer-inner\"><\/div>\n\t\t<\/div>\n\t\t\t\t\t\t<\/div>\n\t\t\t\t<\/div>\n\t\t\t\t<div class=\"elementor-element elementor-element-aa40e0e sc_layouts_hide_on_tablet sc_layouts_hide_on_mobile sc_fly_static elementor-widget elementor-widget-spacer\" data-id=\"aa40e0e\" data-element_type=\"widget\" data-widget_type=\"spacer.default\">\n\t\t\t\t<div class=\"elementor-widget-container\">\n\t\t\t\t\t\t\t<div class=\"elementor-spacer\">\n\t\t\t<div class=\"elementor-spacer-inner\"><\/div>\n\t\t<\/div>\n\t\t\t\t\t\t<\/div>\n\t\t\t\t<\/div>\n\t\t\t\t\t<\/div>\n\t\t<\/div>\n\t\t\t\t\t<\/div>\n\t\t<\/section>\n\t\t\t\t<section class=\"elementor-section elementor-top-section elementor-element elementor-element-9a6558f elementor-section-boxed elementor-section-height-default elementor-section-height-default sc_fly_static\" data-id=\"9a6558f\" data-element_type=\"section\">\n\t\t\t\t\t\t<div class=\"elementor-container elementor-column-gap-extended\">\n\t\t\t\t\t<div class=\"elementor-column elementor-col-16 elementor-top-column elementor-element elementor-element-36404d9 sc_content_align_inherit sc_layouts_column_icons_position_left sc_fly_static\" data-id=\"36404d9\" data-element_type=\"column\">\n\t\t\t<div class=\"elementor-widget-wrap\">\n\t\t\t\t\t\t\t<\/div>\n\t\t<\/div>\n\t\t\t\t<div class=\"elementor-column elementor-col-66 elementor-top-column elementor-element elementor-element-91aa75b sc_content_align_inherit sc_layouts_column_icons_position_left sc_fly_static\" data-id=\"91aa75b\" data-element_type=\"column\">\n\t\t\t<div class=\"elementor-widget-wrap elementor-element-populated\">\n\t\t\t\t\t\t<div class=\"elementor-element elementor-element-d1eccbd sc_fly_static elementor-widget elementor-widget-trx_sc_title\" data-id=\"d1eccbd\" data-element_type=\"widget\" data-widget_type=\"trx_sc_title.default\">\n\t\t\t\t<div class=\"elementor-widget-container\">\n\t\t\t\t\t<div\t\tclass=\"sc_title sc_title_default\" ><span class=\"sc_item_subtitle sc_title_subtitle sc_align_center sc_item_subtitle_above sc_item_title_style_default\">Nuestro Foco Industrial<\/span><h2 class=\"sc_item_title sc_title_title sc_align_center sc_item_title_style_default\"\n\t\t\t><span class=\"sc_item_title_text\">Activamos sectores con potencial<\/span><\/h2><div class=\"sc_item_descr sc_title_descr sc_align_center\"><p>En ALA Industrial Partners enfocamos nuestra actividad en industrias reales, idealmente con producto y servicios recurrentes asociados.<\/p>\n<\/div><\/div>\t\t\t\t<\/div>\n\t\t\t\t<\/div>\n\t\t\t\t\t<\/div>\n\t\t<\/div>\n\t\t\t\t<div class=\"elementor-column elementor-col-16 elementor-top-column elementor-element elementor-element-cd01a94 sc_content_align_inherit sc_layouts_column_icons_position_left sc_fly_static\" data-id=\"cd01a94\" data-element_type=\"column\">\n\t\t\t<div class=\"elementor-widget-wrap\">\n\t\t\t\t\t\t\t<\/div>\n\t\t<\/div>\n\t\t\t\t\t<\/div>\n\t\t<\/section>\n\t\t\t\t<section class=\"elementor-section elementor-top-section elementor-element elementor-element-7627797 elementor-section-boxed elementor-section-height-default elementor-section-height-default sc_fly_static\" data-id=\"7627797\" data-element_type=\"section\">\n\t\t\t\t\t\t<div class=\"elementor-container elementor-column-gap-extended\">\n\t\t\t\t\t<div class=\"elementor-column elementor-col-100 elementor-top-column elementor-element elementor-element-0b75ea2 sc_content_align_inherit sc_layouts_column_icons_position_left sc_fly_static\" data-id=\"0b75ea2\" data-element_type=\"column\">\n\t\t\t<div class=\"elementor-widget-wrap elementor-element-populated\">\n\t\t\t\t\t\t<div class=\"elementor-element elementor-element-d6a2b15 sc_fly_static elementor-widget elementor-widget-spacer\" data-id=\"d6a2b15\" data-element_type=\"widget\" data-widget_type=\"spacer.default\">\n\t\t\t\t<div class=\"elementor-widget-container\">\n\t\t\t\t\t\t\t<div class=\"elementor-spacer\">\n\t\t\t<div class=\"elementor-spacer-inner\"><\/div>\n\t\t<\/div>\n\t\t\t\t\t\t<\/div>\n\t\t\t\t<\/div>\n\t\t\t\t\t<\/div>\n\t\t<\/div>\n\t\t\t\t\t<\/div>\n\t\t<\/section>\n\t\t\t\t<section class=\"elementor-section elementor-top-section elementor-element elementor-element-cb308e3 elementor-section-boxed elementor-section-height-default elementor-section-height-default sc_fly_static\" data-id=\"cb308e3\" data-element_type=\"section\">\n\t\t\t\t\t\t<div class=\"elementor-container elementor-column-gap-extended\">\n\t\t\t\t\t<div class=\"elementor-column elementor-col-100 elementor-top-column elementor-element elementor-element-221b8f0 sc_content_align_inherit sc_layouts_column_icons_position_left sc_fly_static\" data-id=\"221b8f0\" data-element_type=\"column\">\n\t\t\t<div class=\"elementor-widget-wrap elementor-element-populated\">\n\t\t\t\t\t\t<div class=\"elementor-element elementor-element-4332875 sc_fly_static elementor-widget elementor-widget-trx_sc_services\" data-id=\"4332875\" data-element_type=\"widget\" data-widget_type=\"trx_sc_services.default\">\n\t\t\t\t<div class=\"elementor-widget-container\">\n\t\t\t\t\t<div class=\"sc_services sc_services_modern sc_services_featured_top\"><div class=\"sc_services_columns_wrap sc_item_columns sc_item_posts_container sc_item_columns_3 trx_addons_columns_wrap columns_padding_bottom columns_in_single_row\"><div class=\"trx_addons_column-1_3\"><div data-post-id=\"790\" class=\"sc_services_item sc_item_container post_container no_links with_content with_icon sc_services_item_featured_top post-790 cpt_services type-cpt_services status-publish has-post-thumbnail hentry cpt_services_group-what-we-do\">\r\n\t<span id=\"sc_services_1860024128_icon-employee_1\"\r\n\t\t\t\t class=\"sc_services_item_icon sc_icon_type_icons icon-employee\"><\/span>\t\r\n\t<div class=\"sc_services_item_info\">\r\n\t\t\t\t<div class=\"sc_services_item_header\">\r\n\t\t\t<h4 class=\"sc_services_item_title entry-title\">Transformaci\u00f3n y bienes de equipo<\/h4>\r\n\t\t\t\t\t\t\t\t<\/div>\r\n\t\t\t\t\t\t\t<div class=\"sc_services_item_content\"><p>Inversiones en industrias con base manufacturera, procesos t\u00e9cnicos y capacidad de generaci\u00f3n de caja.<\/p>\n<\/div><\/div><\/div>\r\n<\/div><div class=\"trx_addons_column-1_3\"><div data-post-id=\"17328\" class=\"sc_services_item sc_item_container post_container no_links with_content with_icon sc_services_item_featured_top post-17328 cpt_services type-cpt_services status-publish has-post-thumbnail hentry cpt_services_group-what-we-do\">\r\n\t<span id=\"sc_services_1278816137_icon-deadline_2\"\r\n\t\t\t\t class=\"sc_services_item_icon sc_icon_type_icons icon-deadline\"><\/span>\t\r\n\t<div class=\"sc_services_item_info\">\r\n\t\t\t\t<div class=\"sc_services_item_header\">\r\n\t\t\t<h4 class=\"sc_services_item_title entry-title\">Negocios de proyectos<\/h4>\r\n\t\t\t\t\t\t\t\t<\/div>\r\n\t\t\t\t\t\t\t<div class=\"sc_services_item_content\"><p>Centradas en el dise\u00f1o, gesti\u00f3n y entrega de soluciones espec\u00edficas, integrando ingenier\u00eda, planificaci\u00f3n y ejecuci\u00f3n.<\/p>\n<\/div><\/div><\/div>\r\n<\/div><div class=\"trx_addons_column-1_3\"><div data-post-id=\"17329\" class=\"sc_services_item sc_item_container post_container no_links with_content with_icon sc_services_item_featured_top post-17329 cpt_services type-cpt_services status-publish has-post-thumbnail hentry cpt_services_group-what-we-do\">\r\n\t<span id=\"sc_services_1662050364_icon-startup-1_3\"\r\n\t\t\t\t class=\"sc_services_item_icon sc_icon_type_icons icon-startup-1\"><\/span>\t\r\n\t<div class=\"sc_services_item_info\">\r\n\t\t\t\t<div class=\"sc_services_item_header\">\r\n\t\t\t<h4 class=\"sc_services_item_title entry-title\">Spin-offs y soporte t\u00e9cnico<\/h4>\r\n\t\t\t\t\t\t\t\t<\/div>\r\n\t\t\t\t\t\t\t<div class=\"sc_services_item_content\"><p>Spin-offs industriales y compa\u00f1\u00edas con talento t\u00e9cnico enfocado en mantenimiento, postventa o reparaci\u00f3n.<\/p>\n<\/div><\/div><\/div>\r\n<\/div><\/div><\/div>\t\t\t\t<\/div>\n\t\t\t\t<\/div>\n\t\t\t\t<div class=\"elementor-element elementor-element-d587afe sc_height_huge sc_fly_static elementor-widget elementor-widget-spacer\" data-id=\"d587afe\" data-element_type=\"widget\" data-widget_type=\"spacer.default\">\n\t\t\t\t<div class=\"elementor-widget-container\">\n\t\t\t\t\t\t\t<div class=\"elementor-spacer\">\n\t\t\t<div class=\"elementor-spacer-inner\"><\/div>\n\t\t<\/div>\n\t\t\t\t\t\t<\/div>\n\t\t\t\t<\/div>\n\t\t\t\t\t<\/div>\n\t\t<\/div>\n\t\t\t\t\t<\/div>\n\t\t<\/section>\n\t\t\t\t<section class=\"elementor-section elementor-top-section elementor-element elementor-element-21af393 scheme_light elementor-section-boxed elementor-section-height-default elementor-section-height-default sc_fly_static\" data-id=\"21af393\" data-element_type=\"section\">\n\t\t\t\t\t\t<div class=\"elementor-container elementor-column-gap-extended\">\n\t\t\t\t\t<div class=\"elementor-column elementor-col-100 elementor-top-column elementor-element elementor-element-32d2a34 sc_content_align_inherit sc_layouts_column_icons_position_left sc_fly_static\" data-id=\"32d2a34\" data-element_type=\"column\">\n\t\t\t<div class=\"elementor-widget-wrap elementor-element-populated\">\n\t\t\t\t\t\t<div class=\"elementor-element elementor-element-8ba7c9a sc_height_huge sc_fly_static elementor-widget elementor-widget-spacer\" data-id=\"8ba7c9a\" data-element_type=\"widget\" data-widget_type=\"spacer.default\">\n\t\t\t\t<div class=\"elementor-widget-container\">\n\t\t\t\t\t\t\t<div class=\"elementor-spacer\">\n\t\t\t<div class=\"elementor-spacer-inner\"><\/div>\n\t\t<\/div>\n\t\t\t\t\t\t<\/div>\n\t\t\t\t<\/div>\n\t\t\t\t<div class=\"elementor-element elementor-element-abe8b3d sc_fly_static elementor-widget elementor-widget-trx_sc_services\" data-id=\"abe8b3d\" data-element_type=\"widget\" data-widget_type=\"trx_sc_services.default\">\n\t\t\t\t<div class=\"elementor-widget-container\">\n\t\t\t\t\t<div class=\"sc_services sc_services_modern sc_services_featured_top\"><div class=\"sc_services_columns_wrap sc_item_columns sc_item_posts_container sc_item_columns_3 trx_addons_columns_wrap columns_padding_bottom columns_in_single_row\"><div class=\"trx_addons_column-1_3\"><div data-post-id=\"17330\" class=\"sc_services_item sc_item_container post_container no_links with_content with_icon sc_services_item_featured_top post-17330 cpt_services type-cpt_services status-publish has-post-thumbnail hentry cpt_services_group-what-we-do\">\r\n\t<span id=\"sc_services_634138963_icon-truck-1_4\"\r\n\t\t\t\t class=\"sc_services_item_icon sc_icon_type_icons icon-truck-1\"><\/span>\t\r\n\t<div class=\"sc_services_item_info\">\r\n\t\t\t\t<div class=\"sc_services_item_header\">\r\n\t\t\t<h4 class=\"sc_services_item_title entry-title\">Movilidad y transporte<\/h4>\r\n\t\t\t\t\t\t\t\t<\/div>\r\n\t\t\t\t\t\t\t<div class=\"sc_services_item_content\"><p>Nos interesan soluciones industriales aplicadas a la movilidad del futuro: transporte vertical e infraestructuras conectadas.<\/p>\n<\/div><\/div><\/div>\r\n<\/div><div class=\"trx_addons_column-1_3\"><div data-post-id=\"17331\" class=\"sc_services_item sc_item_container post_container no_links with_content with_icon sc_services_item_featured_top post-17331 cpt_services type-cpt_services status-publish has-post-thumbnail hentry cpt_services_group-what-we-do\">\r\n\t<span id=\"sc_services_1561017509_icon-contract_5\"\r\n\t\t\t\t class=\"sc_services_item_icon sc_icon_type_icons icon-contract\"><\/span>\t\r\n\t<div class=\"sc_services_item_info\">\r\n\t\t\t\t<div class=\"sc_services_item_header\">\r\n\t\t\t<h4 class=\"sc_services_item_title entry-title\">Tecnolog\u00eda y salud<\/h4>\r\n\t\t\t\t\t\t\t\t<\/div>\r\n\t\t\t\t\t\t\t<div class=\"sc_services_item_content\"><p>Nos dedicamos a explorar oportunidades en medical devices, fabricaci\u00f3n t\u00e9cnica y soluciones que combinan industria con bienestar y precisi\u00f3n.<\/p>\n<\/div><\/div><\/div>\r\n<\/div><div class=\"trx_addons_column-1_3\"><div data-post-id=\"17332\" class=\"sc_services_item sc_item_container post_container no_links with_content with_icon sc_services_item_featured_top post-17332 cpt_services type-cpt_services status-publish has-post-thumbnail hentry cpt_services_group-what-we-do\">\r\n\t<span id=\"sc_services_1994563304_icon-webcam_6\"\r\n\t\t\t\t class=\"sc_services_item_icon sc_icon_type_icons icon-webcam\"><\/span>\t\r\n\t<div class=\"sc_services_item_info\">\r\n\t\t\t\t<div class=\"sc_services_item_header\">\r\n\t\t\t<h4 class=\"sc_services_item_title entry-title\">Digitalizaci\u00f3n y automatizaci\u00f3n<\/h4>\r\n\t\t\t\t\t\t\t\t<\/div>\r\n\t\t\t\t\t\t\t<div class=\"sc_services_item_content\"><p>Buscamos empresas que apliquen tecnolog\u00edas como IoT, software industrial o automatizaci\u00f3n a procesos reales de producci\u00f3n.<\/p>\n<\/div><\/div><\/div>\r\n<\/div><\/div><\/div>\t\t\t\t<\/div>\n\t\t\t\t<\/div>\n\t\t\t\t<div class=\"elementor-element elementor-element-b107cf2 sc_height_huge sc_fly_static elementor-widget elementor-widget-spacer\" data-id=\"b107cf2\" data-element_type=\"widget\" data-widget_type=\"spacer.default\">\n\t\t\t\t<div class=\"elementor-widget-container\">\n\t\t\t\t\t\t\t<div class=\"elementor-spacer\">\n\t\t\t<div class=\"elementor-spacer-inner\"><\/div>\n\t\t<\/div>\n\t\t\t\t\t\t<\/div>\n\t\t\t\t<\/div>\n\t\t\t\t\t<\/div>\n\t\t<\/div>\n\t\t\t\t\t<\/div>\n\t\t<\/section>\n\t\t\t\t<\/div>\n\t\t","protected":false},"excerpt":{"rendered":"<p>Nuestro Foco Industrial Activamos sectores con potencial En ALA Industrial Partners enfocamos nuestra actividad en industrias reales, idealmente con producto y servicios recurrentes asociados. Transformaci\u00f3n y bienes de equipo Inversiones&hellip;<\/p>\n","protected":false},"author":1,"featured_media":20965,"parent":0,"menu_order":0,"comment_status":"closed","ping_status":"closed","template":"","meta":{"footnotes":""},"class_list":["post-17093","page","type-page","status-publish","has-post-thumbnail","hentry"],"_links":{"self":[{"href":"https:\/\/alaindustrialpartners.com\/es\/wp-json\/wp\/v2\/pages\/17093","targetHints":{"allow":["GET"]}}],"collection":[{"href":"https:\/\/alaindustrialpartners.com\/es\/wp-json\/wp\/v2\/pages"}],"about":[{"href":"https:\/\/alaindustrialpartners.com\/es\/wp-json\/wp\/v2\/types\/page"}],"author":[{"embeddable":true,"href":"https:\/\/alaindustrialpartners.com\/es\/wp-json\/wp\/v2\/users\/1"}],"replies":[{"embeddable":true,"href":"https:\/\/alaindustrialpartners.com\/es\/wp-json\/wp\/v2\/comments?post=17093"}],"version-history":[{"count":23,"href":"https:\/\/alaindustrialpartners.com\/es\/wp-json\/wp\/v2\/pages\/17093\/revisions"}],"predecessor-version":[{"id":20969,"href":"https:\/\/alaindustrialpartners.com\/es\/wp-json\/wp\/v2\/pages\/17093\/revisions\/20969"}],"wp:featuredmedia":[{"embeddable":true,"href":"https:\/\/alaindustrialpartners.com\/es\/wp-json\/wp\/v2\/media\/20965"}],"wp:attachment":[{"href":"https:\/\/alaindustrialpartners.com\/es\/wp-json\/wp\/v2\/media?parent=17093"}],"curies":[{"name":"wp","href":"https:\/\/api.w.org\/{rel}","templated":true}]}}