{"id":17095,"date":"2025-05-22T14:31:00","date_gmt":"2025-05-22T12:31:00","guid":{"rendered":"https:\/\/alaindustrialpartners.com\/?page_id=17095"},"modified":"2025-06-22T23:56:06","modified_gmt":"2025-06-22T21:56:06","slug":"nuestro-proceso","status":"publish","type":"page","link":"https:\/\/alaindustrialpartners.com\/es\/nuestro-proceso\/","title":{"rendered":"Nuestro proceso"},"content":{"rendered":"\t\t<div data-elementor-type=\"wp-page\" data-elementor-id=\"17095\" class=\"elementor elementor-17095\">\n\t\t\t\t\t\t<section class=\"elementor-section elementor-top-section elementor-element elementor-element-8c78dce elementor-section-boxed elementor-section-height-default elementor-section-height-default sc_fly_static\" data-id=\"8c78dce\" data-element_type=\"section\">\n\t\t\t\t\t\t<div class=\"elementor-container elementor-column-gap-extended\">\n\t\t\t\t\t<div class=\"elementor-column elementor-col-100 elementor-top-column elementor-element elementor-element-f4c0de5 sc_content_align_inherit sc_layouts_column_icons_position_left sc_fly_static\" data-id=\"f4c0de5\" data-element_type=\"column\">\n\t\t\t<div class=\"elementor-widget-wrap elementor-element-populated\">\n\t\t\t\t\t\t<div class=\"elementor-element elementor-element-6baf7bf sc_height_large sc_fly_static elementor-widget elementor-widget-spacer\" data-id=\"6baf7bf\" data-element_type=\"widget\" data-widget_type=\"spacer.default\">\n\t\t\t\t<div class=\"elementor-widget-container\">\n\t\t\t\t\t\t\t<div class=\"elementor-spacer\">\n\t\t\t<div class=\"elementor-spacer-inner\"><\/div>\n\t\t<\/div>\n\t\t\t\t\t\t<\/div>\n\t\t\t\t<\/div>\n\t\t\t\t<div class=\"elementor-element elementor-element-a3643ee sc_layouts_hide_on_tablet sc_layouts_hide_on_mobile sc_fly_static elementor-widget elementor-widget-spacer\" data-id=\"a3643ee\" data-element_type=\"widget\" data-widget_type=\"spacer.default\">\n\t\t\t\t<div class=\"elementor-widget-container\">\n\t\t\t\t\t\t\t<div class=\"elementor-spacer\">\n\t\t\t<div class=\"elementor-spacer-inner\"><\/div>\n\t\t<\/div>\n\t\t\t\t\t\t<\/div>\n\t\t\t\t<\/div>\n\t\t\t\t<div class=\"elementor-element elementor-element-f2fba51 sc_fly_static elementor-widget elementor-widget-trx_sc_title\" data-id=\"f2fba51\" data-element_type=\"widget\" data-widget_type=\"trx_sc_title.default\">\n\t\t\t\t<div class=\"elementor-widget-container\">\n\t\t\t\t\t<div\t\tclass=\"sc_title sc_title_default\" ><span class=\"sc_item_subtitle sc_title_subtitle sc_align_center sc_item_subtitle_above sc_item_title_style_default\">ala industrial partners<\/span><h1 class=\"sc_item_title sc_title_title sc_align_center sc_item_title_style_default sc_item_title_tag\"\n\t\t\t><span class=\"sc_item_title_text\">\u00bfC\u00f3mo trabajamos?<\/span><\/h1><\/div>\t\t\t\t<\/div>\n\t\t\t\t<\/div>\n\t\t\t\t<div class=\"elementor-element elementor-element-625ab0c sc_fly_static elementor-widget elementor-widget-spacer\" data-id=\"625ab0c\" data-element_type=\"widget\" data-widget_type=\"spacer.default\">\n\t\t\t\t<div class=\"elementor-widget-container\">\n\t\t\t\t\t\t\t<div class=\"elementor-spacer\">\n\t\t\t<div class=\"elementor-spacer-inner\"><\/div>\n\t\t<\/div>\n\t\t\t\t\t\t<\/div>\n\t\t\t\t<\/div>\n\t\t\t\t\t<\/div>\n\t\t<\/div>\n\t\t\t\t\t<\/div>\n\t\t<\/section>\n\t\t\t\t<section class=\"elementor-section elementor-top-section elementor-element elementor-element-2b27024 elementor-section-boxed elementor-section-height-default elementor-section-height-default sc_fly_static\" data-id=\"2b27024\" data-element_type=\"section\">\n\t\t\t\t\t\t<div class=\"elementor-container elementor-column-gap-extended\">\n\t\t\t\t\t<div class=\"elementor-column elementor-col-100 elementor-top-column elementor-element elementor-element-000d1a9 sc_content_align_inherit sc_layouts_column_icons_position_left sc_fly_static\" data-id=\"000d1a9\" data-element_type=\"column\">\n\t\t\t<div class=\"elementor-widget-wrap elementor-element-populated\">\n\t\t\t\t\t\t<div class=\"elementor-element elementor-element-f9263fa sc_fly_static elementor-widget elementor-widget-trx_sc_services\" data-id=\"f9263fa\" data-element_type=\"widget\" data-widget_type=\"trx_sc_services.default\">\n\t\t\t\t<div class=\"elementor-widget-container\">\n\t\t\t\t\t<div class=\"sc_services sc_services_default sc_services_featured_top\"><div class=\"sc_services_columns_wrap sc_item_columns sc_item_posts_container sc_item_columns_3 trx_addons_columns_wrap columns_padding_bottom\"><div class=\"trx_addons_column-1_3\"><div data-post-id=\"17333\" class=\"sc_services_item sc_item_container post_container no_links with_content with_image sc_services_item_featured_top post-17333 cpt_services type-cpt_services status-publish has-post-thumbnail hentry cpt_services_group-our-process\" data-item-number=\"1\"\r\n>\r\n\t<div class=\"post_featured with_thumb hover_link sc_services_item_thumb\"><img fetchpriority=\"high\" decoding=\"async\" width=\"890\" height=\"664\" src=\"https:\/\/alaindustrialpartners.com\/wp-content\/uploads\/2021\/07\/ala-1-890x664.jpg\" class=\"attachment-abogado-thumb-square size-abogado-thumb-square wp-post-image\" alt=\"\" \/>\t\t\t\t\t\t<div class=\"mask\"><\/div>\r\n\t\t\t\t\t\t\t\t\t<a href=\"javascript:void(0)\"  aria-hidden=\"true\" class=\"link\"><\/a>\r\n\t\t\t<\/div>\t\r\n\t<div class=\"sc_services_item_info\">\r\n\t\t\t\t<div class=\"sc_services_item_header\">\r\n\t\t\t\t\t\t<h4 class=\"sc_services_item_title entry-title\">1. Escucha activa del mercado<\/h4>\r\n\t\t\t\t\t<\/div>\r\n\t\t                    <div class=\"sc_services_item_content\"><p>Estamos en contacto constante con el ecosistema industrial para identificar tendencias, necesidades<br \/>\ny oportunidades.<\/p>\n<\/div><\/div>\r\n<\/div>\r\n<\/div><div class=\"trx_addons_column-1_3\"><div data-post-id=\"17334\" class=\"sc_services_item sc_item_container post_container no_links with_content with_image sc_services_item_featured_top post-17334 cpt_services type-cpt_services status-publish has-post-thumbnail hentry cpt_services_group-our-process\" data-item-number=\"2\"\r\n>\r\n\t<div class=\"post_featured with_thumb hover_link sc_services_item_thumb\"><img decoding=\"async\" width=\"890\" height=\"664\" src=\"https:\/\/alaindustrialpartners.com\/wp-content\/uploads\/2021\/07\/ala12-890x664.jpg\" class=\"attachment-abogado-thumb-square size-abogado-thumb-square wp-post-image\" alt=\"\" \/>\t\t\t\t\t\t<div class=\"mask\"><\/div>\r\n\t\t\t\t\t\t\t\t\t<a href=\"javascript:void(0)\"  aria-hidden=\"true\" class=\"link\"><\/a>\r\n\t\t\t<\/div>\t\r\n\t<div class=\"sc_services_item_info\">\r\n\t\t\t\t<div class=\"sc_services_item_header\">\r\n\t\t\t\t\t\t<h4 class=\"sc_services_item_title entry-title\">2. Identificaci\u00f3n de empresas industriales con potencial<\/h4>\r\n\t\t\t\t\t<\/div>\r\n\t\t                    <div class=\"sc_services_item_content\"><p>A trav\u00e9s de nuestra red profesional detectamos compa\u00f1\u00edas en transici\u00f3n, con retos de sucesi\u00f3n o potencial de mejora.<\/p>\n<\/div><\/div>\r\n<\/div>\r\n<\/div><div class=\"trx_addons_column-1_3\"><div data-post-id=\"17335\" class=\"sc_services_item sc_item_container post_container no_links with_content with_image sc_services_item_featured_top post-17335 cpt_services type-cpt_services status-publish has-post-thumbnail hentry cpt_services_group-our-process\" data-item-number=\"3\"\r\n>\r\n\t<div class=\"post_featured with_thumb hover_link sc_services_item_thumb\"><img decoding=\"async\" width=\"890\" height=\"664\" src=\"https:\/\/alaindustrialpartners.com\/wp-content\/uploads\/2021\/07\/ala13-890x664.jpg\" class=\"attachment-abogado-thumb-square size-abogado-thumb-square wp-post-image\" alt=\"\" \/>\t\t\t\t\t\t<div class=\"mask\"><\/div>\r\n\t\t\t\t\t\t\t\t\t<a href=\"javascript:void(0)\"  aria-hidden=\"true\" class=\"link\"><\/a>\r\n\t\t\t<\/div>\t\r\n\t<div class=\"sc_services_item_info\">\r\n\t\t\t\t<div class=\"sc_services_item_header\">\r\n\t\t\t\t\t\t<h4 class=\"sc_services_item_title entry-title\">3. An\u00e1lisis preliminar<\/h4>\r\n\t\t\t\t\t<\/div>\r\n\t\t                    <div class=\"sc_services_item_content\"><p>Estudiamos la viabilidad operativa, estrat\u00e9gica y financiera del proyecto.<\/p>\n<\/div><\/div>\r\n<\/div>\r\n<\/div><div class=\"trx_addons_column-1_3\"><div data-post-id=\"20807\" class=\"sc_services_item sc_item_container post_container no_links with_content with_image sc_services_item_featured_top post-20807 cpt_services type-cpt_services status-publish has-post-thumbnail hentry cpt_services_group-our-process\" data-item-number=\"4\"\r\n>\r\n\t<div class=\"post_featured with_thumb hover_link sc_services_item_thumb\"><img loading=\"lazy\" decoding=\"async\" width=\"890\" height=\"664\" src=\"https:\/\/alaindustrialpartners.com\/wp-content\/uploads\/2025\/05\/ala14-890x664.jpg\" class=\"attachment-abogado-thumb-square size-abogado-thumb-square wp-post-image\" alt=\"\" \/>\t\t\t\t\t\t<div class=\"mask\"><\/div>\r\n\t\t\t\t\t\t\t\t\t<a href=\"javascript:void(0)\"  aria-hidden=\"true\" class=\"link\"><\/a>\r\n\t\t\t<\/div>\t\r\n\t<div class=\"sc_services_item_info\">\r\n\t\t\t\t<div class=\"sc_services_item_header\">\r\n\t\t\t\t\t\t<h4 class=\"sc_services_item_title entry-title\">4. Propuesta a la propiedad<\/h4>\r\n\t\t\t\t\t<\/div>\r\n\t\t                    <div class=\"sc_services_item_content\"><p>Dise\u00f1amos estructuras flexibles: compraventa, coinversi\u00f3n o gesti\u00f3n delegada, seg\u00fan cada caso.<\/p>\n<\/div><\/div>\r\n<\/div>\r\n<\/div><div class=\"trx_addons_column-1_3\"><div data-post-id=\"20812\" class=\"sc_services_item sc_item_container post_container no_links with_content with_image sc_services_item_featured_top post-20812 cpt_services type-cpt_services status-publish has-post-thumbnail hentry cpt_services_group-our-process\" data-item-number=\"5\"\r\n>\r\n\t<div class=\"post_featured with_thumb hover_link sc_services_item_thumb\"><img loading=\"lazy\" decoding=\"async\" width=\"890\" height=\"664\" src=\"https:\/\/alaindustrialpartners.com\/wp-content\/uploads\/2025\/05\/ala15-890x664.jpg\" class=\"attachment-abogado-thumb-square size-abogado-thumb-square wp-post-image\" alt=\"\" \/>\t\t\t\t\t\t<div class=\"mask\"><\/div>\r\n\t\t\t\t\t\t\t\t\t<a href=\"javascript:void(0)\"  aria-hidden=\"true\" class=\"link\"><\/a>\r\n\t\t\t<\/div>\t\r\n\t<div class=\"sc_services_item_info\">\r\n\t\t\t\t<div class=\"sc_services_item_header\">\r\n\t\t\t\t\t\t<h4 class=\"sc_services_item_title entry-title\">5. Activaci\u00f3n de talento y capital<\/h4>\r\n\t\t\t\t\t<\/div>\r\n\t\t                    <div class=\"sc_services_item_content\"><p>Movilizamos a nuestros profesionales con experiencia y buscamos inversores alineados con la visi\u00f3n del proyecto.<\/p>\n<\/div><\/div>\r\n<\/div>\r\n<\/div><div class=\"trx_addons_column-1_3\"><div data-post-id=\"20811\" class=\"sc_services_item sc_item_container post_container no_links with_content with_image sc_services_item_featured_top post-20811 cpt_services type-cpt_services status-publish has-post-thumbnail hentry cpt_services_group-our-process\" data-item-number=\"6\"\r\n>\r\n\t<div class=\"post_featured with_thumb hover_link sc_services_item_thumb\"><img loading=\"lazy\" decoding=\"async\" width=\"890\" height=\"664\" src=\"https:\/\/alaindustrialpartners.com\/wp-content\/uploads\/2025\/05\/ala16-890x664.jpg\" class=\"attachment-abogado-thumb-square size-abogado-thumb-square wp-post-image\" alt=\"\" srcset=\"https:\/\/alaindustrialpartners.com\/wp-content\/uploads\/2025\/05\/ala16-890x664.jpg 890w, https:\/\/alaindustrialpartners.com\/wp-content\/uploads\/2025\/05\/ala16-300x225.jpg 300w\" sizes=\"(max-width: 890px) 100vw, 890px\" \/>\t\t\t\t\t\t<div class=\"mask\"><\/div>\r\n\t\t\t\t\t\t\t\t\t<a href=\"javascript:void(0)\"  aria-hidden=\"true\" class=\"link\"><\/a>\r\n\t\t\t<\/div>\t\r\n\t<div class=\"sc_services_item_info\">\r\n\t\t\t\t<div class=\"sc_services_item_header\">\r\n\t\t\t\t\t\t<h4 class=\"sc_services_item_title entry-title\">6. Ejecuci\u00f3n de la operaci\u00f3n<\/h4>\r\n\t\t\t\t\t<\/div>\r\n\t\t                    <div class=\"sc_services_item_content\"><p>Coordinamos la due diligence, la estructuraci\u00f3n legal y la financiaci\u00f3n, de principio a fin.<\/p>\n<\/div><\/div>\r\n<\/div>\r\n<\/div><div class=\"trx_addons_column-1_3\"><div data-post-id=\"20810\" class=\"sc_services_item sc_item_container post_container no_links with_content with_image sc_services_item_featured_top post-20810 cpt_services type-cpt_services status-publish has-post-thumbnail hentry cpt_services_group-our-process\" data-item-number=\"7\"\r\n>\r\n\t<div class=\"post_featured with_thumb hover_link sc_services_item_thumb\"><img loading=\"lazy\" decoding=\"async\" width=\"890\" height=\"664\" src=\"https:\/\/alaindustrialpartners.com\/wp-content\/uploads\/2025\/05\/ala17-890x664.jpg\" class=\"attachment-abogado-thumb-square size-abogado-thumb-square wp-post-image\" alt=\"\" \/>\t\t\t\t\t\t<div class=\"mask\"><\/div>\r\n\t\t\t\t\t\t\t\t\t<a href=\"javascript:void(0)\"  aria-hidden=\"true\" class=\"link\"><\/a>\r\n\t\t\t<\/div>\t\r\n\t<div class=\"sc_services_item_info\">\r\n\t\t\t\t<div class=\"sc_services_item_header\">\r\n\t\t\t\t\t\t<h4 class=\"sc_services_item_title entry-title\">7. Desarrollo industrial del proyecto<\/h4>\r\n\t\t\t\t\t<\/div>\r\n\t\t                    <div class=\"sc_services_item_content\"><p>Acompa\u00f1amos el d\u00eda a d\u00eda de la empresa, incorporando mejoras operativas y estrat\u00e9gicas.<\/p>\n<\/div><\/div>\r\n<\/div>\r\n<\/div><div class=\"trx_addons_column-1_3\"><div data-post-id=\"20809\" class=\"sc_services_item sc_item_container post_container no_links with_content with_image sc_services_item_featured_top post-20809 cpt_services type-cpt_services status-publish has-post-thumbnail hentry cpt_services_group-our-process\" data-item-number=\"8\"\r\n>\r\n\t<div class=\"post_featured with_thumb hover_link sc_services_item_thumb\"><img loading=\"lazy\" decoding=\"async\" width=\"890\" height=\"664\" src=\"https:\/\/alaindustrialpartners.com\/wp-content\/uploads\/2025\/05\/ala-8-890x664.jpg\" class=\"attachment-abogado-thumb-square size-abogado-thumb-square wp-post-image\" alt=\"\" srcset=\"https:\/\/alaindustrialpartners.com\/wp-content\/uploads\/2025\/05\/ala-8-890x664.jpg 890w, https:\/\/alaindustrialpartners.com\/wp-content\/uploads\/2025\/05\/ala-8-300x225.jpg 300w, https:\/\/alaindustrialpartners.com\/wp-content\/uploads\/2025\/05\/ala-8-370x277.jpg 370w, https:\/\/alaindustrialpartners.com\/wp-content\/uploads\/2025\/05\/ala-8-410x307.jpg 410w\" sizes=\"(max-width: 890px) 100vw, 890px\" \/>\t\t\t\t\t\t<div class=\"mask\"><\/div>\r\n\t\t\t\t\t\t\t\t\t<a href=\"javascript:void(0)\"  aria-hidden=\"true\" class=\"link\"><\/a>\r\n\t\t\t<\/div>\t\r\n\t<div class=\"sc_services_item_info\">\r\n\t\t\t\t<div class=\"sc_services_item_header\">\r\n\t\t\t\t\t\t<h4 class=\"sc_services_item_title entry-title\">8. Creaci\u00f3n de valor sostenible<\/h4>\r\n\t\t\t\t\t<\/div>\r\n\t\t                    <div class=\"sc_services_item_content\"><p>Nuestro objetivo es construir empresas s\u00f3lidas, con impacto econ\u00f3mico, social y territorial a largo plazo.<\/p>\n<\/div><\/div>\r\n<\/div>\r\n<\/div><\/div><\/div>\t\t\t\t<\/div>\n\t\t\t\t<\/div>\n\t\t\t\t<div class=\"elementor-element elementor-element-f33387b sc_layouts_hide_on_wide sc_layouts_hide_on_desktop sc_layouts_hide_on_notebook sc_fly_static elementor-widget elementor-widget-spacer\" data-id=\"f33387b\" data-element_type=\"widget\" data-widget_type=\"spacer.default\">\n\t\t\t\t<div class=\"elementor-widget-container\">\n\t\t\t\t\t\t\t<div class=\"elementor-spacer\">\n\t\t\t<div class=\"elementor-spacer-inner\"><\/div>\n\t\t<\/div>\n\t\t\t\t\t\t<\/div>\n\t\t\t\t<\/div>\n\t\t\t\t<div class=\"elementor-element elementor-element-bb39b35 sc_layouts_hide_on_tablet sc_layouts_hide_on_mobile sc_fly_static elementor-widget elementor-widget-spacer\" data-id=\"bb39b35\" data-element_type=\"widget\" data-widget_type=\"spacer.default\">\n\t\t\t\t<div class=\"elementor-widget-container\">\n\t\t\t\t\t\t\t<div class=\"elementor-spacer\">\n\t\t\t<div class=\"elementor-spacer-inner\"><\/div>\n\t\t<\/div>\n\t\t\t\t\t\t<\/div>\n\t\t\t\t<\/div>\n\t\t\t\t\t<\/div>\n\t\t<\/div>\n\t\t\t\t\t<\/div>\n\t\t<\/section>\n\t\t\t\t<\/div>\n\t\t","protected":false},"excerpt":{"rendered":"<p>ala industrial partners \u00bfC\u00f3mo trabajamos? Escucha activa del mercado Estamos en contacto constante con el ecosistema industrial para identificar tendencias, necesidades y oportunidades. Identificaci\u00f3n de empresas industriales con potencial A&hellip;<\/p>\n","protected":false},"author":1,"featured_media":20970,"parent":0,"menu_order":0,"comment_status":"closed","ping_status":"closed","template":"","meta":{"footnotes":""},"class_list":["post-17095","page","type-page","status-publish","has-post-thumbnail","hentry"],"_links":{"self":[{"href":"https:\/\/alaindustrialpartners.com\/es\/wp-json\/wp\/v2\/pages\/17095","targetHints":{"allow":["GET"]}}],"collection":[{"href":"https:\/\/alaindustrialpartners.com\/es\/wp-json\/wp\/v2\/pages"}],"about":[{"href":"https:\/\/alaindustrialpartners.com\/es\/wp-json\/wp\/v2\/types\/page"}],"author":[{"embeddable":true,"href":"https:\/\/alaindustrialpartners.com\/es\/wp-json\/wp\/v2\/users\/1"}],"replies":[{"embeddable":true,"href":"https:\/\/alaindustrialpartners.com\/es\/wp-json\/wp\/v2\/comments?post=17095"}],"version-history":[{"count":14,"href":"https:\/\/alaindustrialpartners.com\/es\/wp-json\/wp\/v2\/pages\/17095\/revisions"}],"predecessor-version":[{"id":20829,"href":"https:\/\/alaindustrialpartners.com\/es\/wp-json\/wp\/v2\/pages\/17095\/revisions\/20829"}],"wp:featuredmedia":[{"embeddable":true,"href":"https:\/\/alaindustrialpartners.com\/es\/wp-json\/wp\/v2\/media\/20970"}],"wp:attachment":[{"href":"https:\/\/alaindustrialpartners.com\/es\/wp-json\/wp\/v2\/media?parent=17095"}],"curies":[{"name":"wp","href":"https:\/\/api.w.org\/{rel}","templated":true}]}}