{"id":21533,"date":"2025-06-18T15:31:33","date_gmt":"2025-06-18T13:31:33","guid":{"rendered":"https:\/\/alaindustrialpartners.com\/politique-en-matiere-de-cookies\/"},"modified":"2025-07-24T11:49:15","modified_gmt":"2025-07-24T09:49:15","slug":"politique-en-matiere-de-cookies","status":"publish","type":"page","link":"https:\/\/alaindustrialpartners.com\/fr\/politique-en-matiere-de-cookies\/","title":{"rendered":"Politique en mati\u00e8re de cookies"},"content":{"rendered":"\t\t<div data-elementor-type=\"wp-page\" data-elementor-id=\"21533\" class=\"elementor elementor-21533 elementor-21344\">\n\t\t\t\t\t\t<section class=\"elementor-section elementor-top-section elementor-element elementor-element-2b1184b0 elementor-section-boxed elementor-section-height-default elementor-section-height-default sc_fly_static\" data-id=\"2b1184b0\" data-element_type=\"section\" data-settings=\"{&quot;background_background&quot;:&quot;classic&quot;}\">\n\t\t\t\t\t\t<div class=\"elementor-container elementor-column-gap-extended\">\n\t\t\t\t\t<div class=\"elementor-column elementor-col-100 elementor-top-column elementor-element elementor-element-153e1c19 sc_content_align_inherit sc_layouts_column_icons_position_left sc_fly_static\" data-id=\"153e1c19\" data-element_type=\"column\">\n\t\t\t<div class=\"elementor-widget-wrap elementor-element-populated\">\n\t\t\t\t\t\t<div class=\"elementor-element elementor-element-54db29de sc_fly_static elementor-widget elementor-widget-text-editor\" data-id=\"54db29de\" data-element_type=\"widget\" data-widget_type=\"text-editor.default\">\n\t\t\t\t<div class=\"elementor-widget-container\">\n\t\t\t\t\t\t\t\t\t<p>Ce site web n&rsquo;utilise que des cookies techniques n\u00e9cessaires \u00e0 son fonctionnement et \u00e0 sa navigation. Aucun cookie analytique, publicitaire ou de tiers n&rsquo;est utilis\u00e9. <\/p>\t\t\t\t\t\t\t\t<\/div>\n\t\t\t\t<\/div>\n\t\t\t\t\t<\/div>\n\t\t<\/div>\n\t\t\t\t\t<\/div>\n\t\t<\/section>\n\t\t\t\t<section class=\"elementor-section elementor-top-section elementor-element elementor-element-7ef86bc8 elementor-section-boxed elementor-section-height-default elementor-section-height-default sc_fly_static\" data-id=\"7ef86bc8\" data-element_type=\"section\">\n\t\t\t\t\t\t<div class=\"elementor-container elementor-column-gap-extended\">\n\t\t\t\t\t<div class=\"elementor-column elementor-col-100 elementor-top-column elementor-element elementor-element-19372eea sc_content_align_inherit sc_layouts_column_icons_position_left sc_fly_static\" data-id=\"19372eea\" data-element_type=\"column\">\n\t\t\t<div class=\"elementor-widget-wrap elementor-element-populated\">\n\t\t\t\t\t\t<div class=\"elementor-element elementor-element-690b98ed sc_fly_static elementor-widget elementor-widget-spacer\" data-id=\"690b98ed\" data-element_type=\"widget\" data-widget_type=\"spacer.default\">\n\t\t\t\t<div class=\"elementor-widget-container\">\n\t\t\t\t\t\t\t<div class=\"elementor-spacer\">\n\t\t\t<div class=\"elementor-spacer-inner\"><\/div>\n\t\t<\/div>\n\t\t\t\t\t\t<\/div>\n\t\t\t\t<\/div>\n\t\t\t\t\t<\/div>\n\t\t<\/div>\n\t\t\t\t\t<\/div>\n\t\t<\/section>\n\t\t\t\t<section class=\"elementor-section elementor-top-section elementor-element elementor-element-a2ec18c elementor-section-boxed elementor-section-height-default elementor-section-height-default sc_fly_static\" data-id=\"a2ec18c\" data-element_type=\"section\" data-settings=\"{&quot;background_background&quot;:&quot;classic&quot;}\">\n\t\t\t\t\t\t<div class=\"elementor-container elementor-column-gap-extended\">\n\t\t\t\t\t<div class=\"elementor-column elementor-col-100 elementor-top-column elementor-element elementor-element-e4f67bc sc_content_align_inherit sc_layouts_column_icons_position_left sc_fly_static\" data-id=\"e4f67bc\" data-element_type=\"column\">\n\t\t\t<div class=\"elementor-widget-wrap elementor-element-populated\">\n\t\t\t\t\t\t<div class=\"elementor-element elementor-element-fc87c00 sc_fly_static elementor-widget elementor-widget-text-editor\" data-id=\"fc87c00\" data-element_type=\"widget\" data-widget_type=\"text-editor.default\">\n\t\t\t\t<div class=\"elementor-widget-container\">\n\t\t\t\t\t\t\t\t\t<h5>1. Qu&rsquo;est-ce qu&rsquo;un cookie ?<\/h5><p>Les cookies sont de petits fichiers que votre navigateur stocke sur votre appareil lorsque vous visitez des sites web. Ils servent \u00e0 faciliter la navigation et \u00e0 am\u00e9liorer l&rsquo;exp\u00e9rience de l&rsquo;utilisateur. <\/p>\t\t\t\t\t\t\t\t<\/div>\n\t\t\t\t<\/div>\n\t\t\t\t\t<\/div>\n\t\t<\/div>\n\t\t\t\t\t<\/div>\n\t\t<\/section>\n\t\t\t\t<section class=\"elementor-section elementor-top-section elementor-element elementor-element-1ce0fbce elementor-section-boxed elementor-section-height-default elementor-section-height-default sc_fly_static\" data-id=\"1ce0fbce\" data-element_type=\"section\">\n\t\t\t\t\t\t<div class=\"elementor-container elementor-column-gap-extended\">\n\t\t\t\t\t<div class=\"elementor-column elementor-col-100 elementor-top-column elementor-element elementor-element-71737124 sc_content_align_inherit sc_layouts_column_icons_position_left sc_fly_static\" data-id=\"71737124\" data-element_type=\"column\">\n\t\t\t<div class=\"elementor-widget-wrap elementor-element-populated\">\n\t\t\t\t\t\t<div class=\"elementor-element elementor-element-653057c1 sc_fly_static elementor-widget elementor-widget-spacer\" data-id=\"653057c1\" data-element_type=\"widget\" data-widget_type=\"spacer.default\">\n\t\t\t\t<div class=\"elementor-widget-container\">\n\t\t\t\t\t\t\t<div class=\"elementor-spacer\">\n\t\t\t<div class=\"elementor-spacer-inner\"><\/div>\n\t\t<\/div>\n\t\t\t\t\t\t<\/div>\n\t\t\t\t<\/div>\n\t\t\t\t\t<\/div>\n\t\t<\/div>\n\t\t\t\t\t<\/div>\n\t\t<\/section>\n\t\t\t\t<section class=\"elementor-section elementor-top-section elementor-element elementor-element-7321157f elementor-section-boxed elementor-section-height-default elementor-section-height-default sc_fly_static\" data-id=\"7321157f\" data-element_type=\"section\" data-settings=\"{&quot;background_background&quot;:&quot;classic&quot;}\">\n\t\t\t\t\t\t<div class=\"elementor-container elementor-column-gap-extended\">\n\t\t\t\t\t<div class=\"elementor-column elementor-col-100 elementor-top-column elementor-element elementor-element-770fd656 sc_content_align_inherit sc_layouts_column_icons_position_left sc_fly_static\" data-id=\"770fd656\" data-element_type=\"column\">\n\t\t\t<div class=\"elementor-widget-wrap elementor-element-populated\">\n\t\t\t\t\t\t<div class=\"elementor-element elementor-element-20d12e1e sc_fly_static elementor-widget elementor-widget-text-editor\" data-id=\"20d12e1e\" data-element_type=\"widget\" data-widget_type=\"text-editor.default\">\n\t\t\t\t<div class=\"elementor-widget-container\">\n\t\t\t\t\t\t\t\t\t<h5>2. Gestion des cookies<\/h5><p>Vous pouvez configurer votre navigateur pour autoriser, bloquer ou supprimer les cookies install\u00e9s. Veuillez noter que si vous bloquez les cookies techniques, il se peut que certaines fonctionnalit\u00e9s du site ne soient plus disponibles. <\/p>\t\t\t\t\t\t\t\t<\/div>\n\t\t\t\t<\/div>\n\t\t\t\t\t<\/div>\n\t\t<\/div>\n\t\t\t\t\t<\/div>\n\t\t<\/section>\n\t\t\t\t<section class=\"elementor-section elementor-top-section elementor-element elementor-element-6d09f250 elementor-section-boxed elementor-section-height-default elementor-section-height-default sc_fly_static\" data-id=\"6d09f250\" data-element_type=\"section\">\n\t\t\t\t\t\t<div class=\"elementor-container elementor-column-gap-extended\">\n\t\t\t\t\t<div class=\"elementor-column elementor-col-100 elementor-top-column elementor-element elementor-element-936cd29 sc_content_align_inherit sc_layouts_column_icons_position_left sc_fly_static\" data-id=\"936cd29\" data-element_type=\"column\">\n\t\t\t<div class=\"elementor-widget-wrap elementor-element-populated\">\n\t\t\t\t\t\t<div class=\"elementor-element elementor-element-1a296be8 sc_fly_static elementor-widget elementor-widget-spacer\" data-id=\"1a296be8\" data-element_type=\"widget\" data-widget_type=\"spacer.default\">\n\t\t\t\t<div class=\"elementor-widget-container\">\n\t\t\t\t\t\t\t<div class=\"elementor-spacer\">\n\t\t\t<div class=\"elementor-spacer-inner\"><\/div>\n\t\t<\/div>\n\t\t\t\t\t\t<\/div>\n\t\t\t\t<\/div>\n\t\t\t\t\t<\/div>\n\t\t<\/div>\n\t\t\t\t\t<\/div>\n\t\t<\/section>\n\t\t\t\t<\/div>\n\t\t","protected":false},"excerpt":{"rendered":"<p>Ce site web n&rsquo;utilise que des cookies techniques n\u00e9cessaires \u00e0 son fonctionnement et \u00e0 sa navigation. Aucun cookie analytique, publicitaire ou de tiers n&rsquo;est utilis\u00e9. 1. Qu&rsquo;est-ce qu&rsquo;un cookie ?&hellip;<\/p>\n","protected":false},"author":1,"featured_media":21535,"parent":0,"menu_order":0,"comment_status":"closed","ping_status":"closed","template":"","meta":{"footnotes":""},"class_list":["post-21533","page","type-page","status-publish","has-post-thumbnail","hentry"],"_links":{"self":[{"href":"https:\/\/alaindustrialpartners.com\/fr\/wp-json\/wp\/v2\/pages\/21533","targetHints":{"allow":["GET"]}}],"collection":[{"href":"https:\/\/alaindustrialpartners.com\/fr\/wp-json\/wp\/v2\/pages"}],"about":[{"href":"https:\/\/alaindustrialpartners.com\/fr\/wp-json\/wp\/v2\/types\/page"}],"author":[{"embeddable":true,"href":"https:\/\/alaindustrialpartners.com\/fr\/wp-json\/wp\/v2\/users\/1"}],"replies":[{"embeddable":true,"href":"https:\/\/alaindustrialpartners.com\/fr\/wp-json\/wp\/v2\/comments?post=21533"}],"version-history":[{"count":1,"href":"https:\/\/alaindustrialpartners.com\/fr\/wp-json\/wp\/v2\/pages\/21533\/revisions"}],"predecessor-version":[{"id":21536,"href":"https:\/\/alaindustrialpartners.com\/fr\/wp-json\/wp\/v2\/pages\/21533\/revisions\/21536"}],"wp:featuredmedia":[{"embeddable":true,"href":"https:\/\/alaindustrialpartners.com\/fr\/wp-json\/wp\/v2\/media\/21535"}],"wp:attachment":[{"href":"https:\/\/alaindustrialpartners.com\/fr\/wp-json\/wp\/v2\/media?parent=21533"}],"curies":[{"name":"wp","href":"https:\/\/api.w.org\/{rel}","templated":true}]}}