{"id":21587,"date":"2025-05-22T14:31:00","date_gmt":"2025-05-22T12:31:00","guid":{"rendered":"https:\/\/alaindustrialpartners.com\/notre-processus\/"},"modified":"2025-07-24T11:51:00","modified_gmt":"2025-07-24T09:51:00","slug":"notre-processus","status":"publish","type":"page","link":"https:\/\/alaindustrialpartners.com\/fr\/notre-processus\/","title":{"rendered":"Notre processus"},"content":{"rendered":"\t\t<div data-elementor-type=\"wp-page\" data-elementor-id=\"21587\" class=\"elementor elementor-21587 elementor-21375\">\n\t\t\t\t\t\t<section class=\"elementor-section elementor-top-section elementor-element elementor-element-8c78dce elementor-section-boxed elementor-section-height-default elementor-section-height-default sc_fly_static\" data-id=\"8c78dce\" data-element_type=\"section\">\n\t\t\t\t\t\t<div class=\"elementor-container elementor-column-gap-extended\">\n\t\t\t\t\t<div class=\"elementor-column elementor-col-100 elementor-top-column elementor-element elementor-element-f4c0de5 sc_content_align_inherit sc_layouts_column_icons_position_left sc_fly_static\" data-id=\"f4c0de5\" data-element_type=\"column\">\n\t\t\t<div class=\"elementor-widget-wrap elementor-element-populated\">\n\t\t\t\t\t\t<div class=\"elementor-element elementor-element-6baf7bf sc_height_large sc_fly_static elementor-widget elementor-widget-spacer\" data-id=\"6baf7bf\" data-element_type=\"widget\" data-widget_type=\"spacer.default\">\n\t\t\t\t<div class=\"elementor-widget-container\">\n\t\t\t\t\t\t\t<div class=\"elementor-spacer\">\n\t\t\t<div class=\"elementor-spacer-inner\"><\/div>\n\t\t<\/div>\n\t\t\t\t\t\t<\/div>\n\t\t\t\t<\/div>\n\t\t\t\t<div class=\"elementor-element elementor-element-a3643ee sc_layouts_hide_on_tablet sc_layouts_hide_on_mobile sc_fly_static elementor-widget elementor-widget-spacer\" data-id=\"a3643ee\" data-element_type=\"widget\" data-widget_type=\"spacer.default\">\n\t\t\t\t<div class=\"elementor-widget-container\">\n\t\t\t\t\t\t\t<div class=\"elementor-spacer\">\n\t\t\t<div class=\"elementor-spacer-inner\"><\/div>\n\t\t<\/div>\n\t\t\t\t\t\t<\/div>\n\t\t\t\t<\/div>\n\t\t\t\t<div class=\"elementor-element elementor-element-f2fba51 sc_fly_static elementor-widget elementor-widget-trx_sc_title\" data-id=\"f2fba51\" data-element_type=\"widget\" data-widget_type=\"trx_sc_title.default\">\n\t\t\t\t<div class=\"elementor-widget-container\">\n\t\t\t\t\t<div\t\tclass=\"sc_title sc_title_default\" ><span class=\"sc_item_subtitle sc_title_subtitle sc_align_center sc_item_subtitle_above sc_item_title_style_default\">ala industrial partners<\/span><h1 class=\"sc_item_title sc_title_title sc_align_center sc_item_title_style_default sc_item_title_tag\"\n\t\t\t><span class=\"sc_item_title_text\">Comment travaillons-nous ?<\/span><\/h1><\/div>\t\t\t\t<\/div>\n\t\t\t\t<\/div>\n\t\t\t\t<div class=\"elementor-element elementor-element-625ab0c sc_fly_static elementor-widget elementor-widget-spacer\" data-id=\"625ab0c\" data-element_type=\"widget\" data-widget_type=\"spacer.default\">\n\t\t\t\t<div class=\"elementor-widget-container\">\n\t\t\t\t\t\t\t<div class=\"elementor-spacer\">\n\t\t\t<div class=\"elementor-spacer-inner\"><\/div>\n\t\t<\/div>\n\t\t\t\t\t\t<\/div>\n\t\t\t\t<\/div>\n\t\t\t\t\t<\/div>\n\t\t<\/div>\n\t\t\t\t\t<\/div>\n\t\t<\/section>\n\t\t\t\t<section class=\"elementor-section elementor-top-section elementor-element elementor-element-2b27024 elementor-section-boxed elementor-section-height-default elementor-section-height-default sc_fly_static\" data-id=\"2b27024\" data-element_type=\"section\">\n\t\t\t\t\t\t<div class=\"elementor-container elementor-column-gap-extended\">\n\t\t\t\t\t<div class=\"elementor-column elementor-col-100 elementor-top-column elementor-element elementor-element-000d1a9 sc_content_align_inherit sc_layouts_column_icons_position_left sc_fly_static\" data-id=\"000d1a9\" data-element_type=\"column\">\n\t\t\t<div class=\"elementor-widget-wrap elementor-element-populated\">\n\t\t\t\t\t\t<div class=\"elementor-element elementor-element-f9263fa sc_fly_static elementor-widget elementor-widget-trx_sc_services\" data-id=\"f9263fa\" data-element_type=\"widget\" data-widget_type=\"trx_sc_services.default\">\n\t\t\t\t<div class=\"elementor-widget-container\">\n\t\t\t\t\t<div class=\"sc_services sc_services_default sc_services_featured_top\"><div class=\"sc_services_columns_wrap sc_item_columns sc_item_posts_container sc_item_columns_3 trx_addons_columns_wrap columns_padding_bottom\"><div class=\"trx_addons_column-1_3\"><div data-post-id=\"21859\" class=\"sc_services_item sc_item_container post_container no_links with_content with_image sc_services_item_featured_top post-21859 cpt_services type-cpt_services status-publish has-post-thumbnail hentry cpt_services_group-notre-processus\" data-item-number=\"1\"\r\n>\r\n\t<div class=\"post_featured with_thumb hover_link sc_services_item_thumb\"><img fetchpriority=\"high\" decoding=\"async\" width=\"890\" height=\"664\" src=\"https:\/\/alaindustrialpartners.com\/wp-content\/uploads\/2021\/07\/ala-1-890x664.jpg\" class=\"attachment-abogado-thumb-square size-abogado-thumb-square wp-post-image\" alt=\"\" \/>\t\t\t\t\t\t<div class=\"mask\"><\/div>\r\n\t\t\t\t\t\t\t\t\t<a href=\"javascript:void(0)\"  aria-hidden=\"true\" class=\"link\"><\/a>\r\n\t\t\t<\/div>\t\r\n\t<div class=\"sc_services_item_info\">\r\n\t\t\t\t<div class=\"sc_services_item_header\">\r\n\t\t\t\t\t\t<h4 class=\"sc_services_item_title entry-title\">1. \u00c9coute active du march\u00e9<\/h4>\r\n\t\t\t\t\t<\/div>\r\n\t\t                    <div class=\"sc_services_item_content\"><p>Nous sommes en contact permanent avec l&rsquo;\u00e9cosyst\u00e8me industriel pour identifier les tendances, les besoins<br \/>\net les opportunit\u00e9s.<\/p>\n<\/div><\/div>\r\n<\/div>\r\n<\/div><div class=\"trx_addons_column-1_3\"><div data-post-id=\"21814\" class=\"sc_services_item sc_item_container post_container no_links with_content with_image sc_services_item_featured_top post-21814 cpt_services type-cpt_services status-publish has-post-thumbnail hentry cpt_services_group-notre-processus\" data-item-number=\"2\"\r\n>\r\n\t<div class=\"post_featured with_thumb hover_link sc_services_item_thumb\"><img decoding=\"async\" width=\"890\" height=\"664\" src=\"https:\/\/alaindustrialpartners.com\/wp-content\/uploads\/2021\/07\/ala12-890x664.jpg\" class=\"attachment-abogado-thumb-square size-abogado-thumb-square wp-post-image\" alt=\"\" \/>\t\t\t\t\t\t<div class=\"mask\"><\/div>\r\n\t\t\t\t\t\t\t\t\t<a href=\"javascript:void(0)\"  aria-hidden=\"true\" class=\"link\"><\/a>\r\n\t\t\t<\/div>\t\r\n\t<div class=\"sc_services_item_info\">\r\n\t\t\t\t<div class=\"sc_services_item_header\">\r\n\t\t\t\t\t\t<h4 class=\"sc_services_item_title entry-title\">Identification des entreprises industrielles \u00e0 potentiel<\/h4>\r\n\t\t\t\t\t<\/div>\r\n\t\t                    <div class=\"sc_services_item_content\"><p>Gr\u00e2ce \u00e0 notre r\u00e9seau professionnel, nous d\u00e9tectons les entreprises en transition, qui ont des probl\u00e8mes de succession ou un potentiel d&rsquo;am\u00e9lioration.<\/p>\n<\/div><\/div>\r\n<\/div>\r\n<\/div><div class=\"trx_addons_column-1_3\"><div data-post-id=\"21824\" class=\"sc_services_item sc_item_container post_container no_links with_content with_image sc_services_item_featured_top post-21824 cpt_services type-cpt_services status-publish has-post-thumbnail hentry cpt_services_group-notre-processus\" data-item-number=\"3\"\r\n>\r\n\t<div class=\"post_featured with_thumb hover_link sc_services_item_thumb\"><img decoding=\"async\" width=\"890\" height=\"664\" src=\"https:\/\/alaindustrialpartners.com\/wp-content\/uploads\/2021\/07\/ala13-890x664.jpg\" class=\"attachment-abogado-thumb-square size-abogado-thumb-square wp-post-image\" alt=\"\" \/>\t\t\t\t\t\t<div class=\"mask\"><\/div>\r\n\t\t\t\t\t\t\t\t\t<a href=\"javascript:void(0)\"  aria-hidden=\"true\" class=\"link\"><\/a>\r\n\t\t\t<\/div>\t\r\n\t<div class=\"sc_services_item_info\">\r\n\t\t\t\t<div class=\"sc_services_item_header\">\r\n\t\t\t\t\t\t<h4 class=\"sc_services_item_title entry-title\">3. Analyse pr\u00e9liminaire<\/h4>\r\n\t\t\t\t\t<\/div>\r\n\t\t                    <div class=\"sc_services_item_content\"><p>Nous \u00e9tudions la faisabilit\u00e9 op\u00e9rationnelle, strat\u00e9gique et financi\u00e8re du projet.<\/p>\n<\/div><\/div>\r\n<\/div>\r\n<\/div><div class=\"trx_addons_column-1_3\"><div data-post-id=\"21625\" class=\"sc_services_item sc_item_container post_container no_links with_content with_image sc_services_item_featured_top post-21625 cpt_services type-cpt_services status-publish has-post-thumbnail hentry cpt_services_group-notre-processus\" data-item-number=\"4\"\r\n>\r\n\t<div class=\"post_featured with_thumb hover_link sc_services_item_thumb\"><img loading=\"lazy\" decoding=\"async\" width=\"890\" height=\"664\" src=\"https:\/\/alaindustrialpartners.com\/wp-content\/uploads\/2025\/05\/ala14-890x664.jpg\" class=\"attachment-abogado-thumb-square size-abogado-thumb-square wp-post-image\" alt=\"\" \/>\t\t\t\t\t\t<div class=\"mask\"><\/div>\r\n\t\t\t\t\t\t\t\t\t<a href=\"javascript:void(0)\"  aria-hidden=\"true\" class=\"link\"><\/a>\r\n\t\t\t<\/div>\t\r\n\t<div class=\"sc_services_item_info\">\r\n\t\t\t\t<div class=\"sc_services_item_header\">\r\n\t\t\t\t\t\t<h4 class=\"sc_services_item_title entry-title\">4. Proposition de bien<\/h4>\r\n\t\t\t\t\t<\/div>\r\n\t\t                    <div class=\"sc_services_item_content\"><p>Nous concevons des structures flexibles : vente et achat, co-investissement ou gestion d\u00e9l\u00e9gu\u00e9e, en fonction de chaque cas.<\/p>\n<\/div><\/div>\r\n<\/div>\r\n<\/div><div class=\"trx_addons_column-1_3\"><div data-post-id=\"21833\" class=\"sc_services_item sc_item_container post_container no_links with_content with_image sc_services_item_featured_top post-21833 cpt_services type-cpt_services status-publish has-post-thumbnail hentry cpt_services_group-notre-processus\" data-item-number=\"5\"\r\n>\r\n\t<div class=\"post_featured with_thumb hover_link sc_services_item_thumb\"><img loading=\"lazy\" decoding=\"async\" width=\"890\" height=\"664\" src=\"https:\/\/alaindustrialpartners.com\/wp-content\/uploads\/2025\/05\/ala15-890x664.jpg\" class=\"attachment-abogado-thumb-square size-abogado-thumb-square wp-post-image\" alt=\"\" \/>\t\t\t\t\t\t<div class=\"mask\"><\/div>\r\n\t\t\t\t\t\t\t\t\t<a href=\"javascript:void(0)\"  aria-hidden=\"true\" class=\"link\"><\/a>\r\n\t\t\t<\/div>\t\r\n\t<div class=\"sc_services_item_info\">\r\n\t\t\t\t<div class=\"sc_services_item_header\">\r\n\t\t\t\t\t\t<h4 class=\"sc_services_item_title entry-title\">5. Activation des talents et des capitaux<\/h4>\r\n\t\t\t\t\t<\/div>\r\n\t\t                    <div class=\"sc_services_item_content\"><p>Nous mobilisons nos professionnels exp\u00e9riment\u00e9s et recherchons des investisseurs en phase avec la vision du projet.<\/p>\n<\/div><\/div>\r\n<\/div>\r\n<\/div><div class=\"trx_addons_column-1_3\"><div data-post-id=\"21818\" class=\"sc_services_item sc_item_container post_container no_links with_content with_image sc_services_item_featured_top post-21818 cpt_services type-cpt_services status-publish has-post-thumbnail hentry cpt_services_group-notre-processus\" data-item-number=\"6\"\r\n>\r\n\t<div class=\"post_featured with_thumb hover_link sc_services_item_thumb\"><img loading=\"lazy\" decoding=\"async\" width=\"890\" height=\"664\" src=\"https:\/\/alaindustrialpartners.com\/wp-content\/uploads\/2025\/05\/ala16-890x664.jpg\" class=\"attachment-abogado-thumb-square size-abogado-thumb-square wp-post-image\" alt=\"\" srcset=\"https:\/\/alaindustrialpartners.com\/wp-content\/uploads\/2025\/05\/ala16-890x664.jpg 890w, https:\/\/alaindustrialpartners.com\/wp-content\/uploads\/2025\/05\/ala16-300x225.jpg 300w\" sizes=\"(max-width: 890px) 100vw, 890px\" \/>\t\t\t\t\t\t<div class=\"mask\"><\/div>\r\n\t\t\t\t\t\t\t\t\t<a href=\"javascript:void(0)\"  aria-hidden=\"true\" class=\"link\"><\/a>\r\n\t\t\t<\/div>\t\r\n\t<div class=\"sc_services_item_info\">\r\n\t\t\t\t<div class=\"sc_services_item_header\">\r\n\t\t\t\t\t\t<h4 class=\"sc_services_item_title entry-title\">6. Ex\u00e9cution de l&rsquo;op\u00e9ration<\/h4>\r\n\t\t\t\t\t<\/div>\r\n\t\t                    <div class=\"sc_services_item_content\"><p>Nous coordonnons la due diligence, la structuration juridique et le financement du d\u00e9but \u00e0 la fin.<\/p>\n<\/div><\/div>\r\n<\/div>\r\n<\/div><div class=\"trx_addons_column-1_3\"><div data-post-id=\"21801\" class=\"sc_services_item sc_item_container post_container no_links with_content with_image sc_services_item_featured_top post-21801 cpt_services type-cpt_services status-publish has-post-thumbnail hentry cpt_services_group-notre-processus\" data-item-number=\"7\"\r\n>\r\n\t<div class=\"post_featured with_thumb hover_link sc_services_item_thumb\"><img loading=\"lazy\" decoding=\"async\" width=\"890\" height=\"664\" src=\"https:\/\/alaindustrialpartners.com\/wp-content\/uploads\/2025\/05\/ala17-890x664.jpg\" class=\"attachment-abogado-thumb-square size-abogado-thumb-square wp-post-image\" alt=\"\" \/>\t\t\t\t\t\t<div class=\"mask\"><\/div>\r\n\t\t\t\t\t\t\t\t\t<a href=\"javascript:void(0)\"  aria-hidden=\"true\" class=\"link\"><\/a>\r\n\t\t\t<\/div>\t\r\n\t<div class=\"sc_services_item_info\">\r\n\t\t\t\t<div class=\"sc_services_item_header\">\r\n\t\t\t\t\t\t<h4 class=\"sc_services_item_title entry-title\">7. D\u00e9veloppement industriel du projet<\/h4>\r\n\t\t\t\t\t<\/div>\r\n\t\t                    <div class=\"sc_services_item_content\"><p>Nous accompagnons les activit\u00e9s quotidiennes de l&rsquo;entreprise, en int\u00e9grant des am\u00e9liorations op\u00e9rationnelles et strat\u00e9giques.<\/p>\n<\/div><\/div>\r\n<\/div>\r\n<\/div><div class=\"trx_addons_column-1_3\"><div data-post-id=\"21809\" class=\"sc_services_item sc_item_container post_container no_links with_content with_image sc_services_item_featured_top post-21809 cpt_services type-cpt_services status-publish has-post-thumbnail hentry cpt_services_group-notre-processus\" data-item-number=\"8\"\r\n>\r\n\t<div class=\"post_featured with_thumb hover_link sc_services_item_thumb\"><img loading=\"lazy\" decoding=\"async\" width=\"890\" height=\"664\" src=\"https:\/\/alaindustrialpartners.com\/wp-content\/uploads\/2025\/05\/ala-8-890x664.jpg\" class=\"attachment-abogado-thumb-square size-abogado-thumb-square wp-post-image\" alt=\"\" srcset=\"https:\/\/alaindustrialpartners.com\/wp-content\/uploads\/2025\/05\/ala-8-890x664.jpg 890w, https:\/\/alaindustrialpartners.com\/wp-content\/uploads\/2025\/05\/ala-8-300x225.jpg 300w, https:\/\/alaindustrialpartners.com\/wp-content\/uploads\/2025\/05\/ala-8-370x277.jpg 370w, https:\/\/alaindustrialpartners.com\/wp-content\/uploads\/2025\/05\/ala-8-410x307.jpg 410w\" sizes=\"(max-width: 890px) 100vw, 890px\" \/>\t\t\t\t\t\t<div class=\"mask\"><\/div>\r\n\t\t\t\t\t\t\t\t\t<a href=\"javascript:void(0)\"  aria-hidden=\"true\" class=\"link\"><\/a>\r\n\t\t\t<\/div>\t\r\n\t<div class=\"sc_services_item_info\">\r\n\t\t\t\t<div class=\"sc_services_item_header\">\r\n\t\t\t\t\t\t<h4 class=\"sc_services_item_title entry-title\">8. Cr\u00e9ation de valeur durable<\/h4>\r\n\t\t\t\t\t<\/div>\r\n\t\t                    <div class=\"sc_services_item_content\"><p>Notre objectif est de construire des entreprises solides ayant un impact \u00e9conomique, social et territorial \u00e0 long terme.<\/p>\n<\/div><\/div>\r\n<\/div>\r\n<\/div><\/div><\/div>\t\t\t\t<\/div>\n\t\t\t\t<\/div>\n\t\t\t\t<div class=\"elementor-element elementor-element-f33387b sc_layouts_hide_on_wide sc_layouts_hide_on_desktop sc_layouts_hide_on_notebook sc_fly_static elementor-widget elementor-widget-spacer\" data-id=\"f33387b\" data-element_type=\"widget\" data-widget_type=\"spacer.default\">\n\t\t\t\t<div class=\"elementor-widget-container\">\n\t\t\t\t\t\t\t<div class=\"elementor-spacer\">\n\t\t\t<div class=\"elementor-spacer-inner\"><\/div>\n\t\t<\/div>\n\t\t\t\t\t\t<\/div>\n\t\t\t\t<\/div>\n\t\t\t\t<div class=\"elementor-element elementor-element-bb39b35 sc_layouts_hide_on_tablet sc_layouts_hide_on_mobile sc_fly_static elementor-widget elementor-widget-spacer\" data-id=\"bb39b35\" data-element_type=\"widget\" data-widget_type=\"spacer.default\">\n\t\t\t\t<div class=\"elementor-widget-container\">\n\t\t\t\t\t\t\t<div class=\"elementor-spacer\">\n\t\t\t<div class=\"elementor-spacer-inner\"><\/div>\n\t\t<\/div>\n\t\t\t\t\t\t<\/div>\n\t\t\t\t<\/div>\n\t\t\t\t\t<\/div>\n\t\t<\/div>\n\t\t\t\t\t<\/div>\n\t\t<\/section>\n\t\t\t\t<\/div>\n\t\t","protected":false},"excerpt":{"rendered":"<p>ala industrial partners Comment travaillons-nous ? 1. Active listening to the market We are in constant contact with the industrial ecosystem to identify trends, needs and opportunities. Identification of industrial&hellip;<\/p>\n","protected":false},"author":1,"featured_media":21588,"parent":0,"menu_order":0,"comment_status":"closed","ping_status":"closed","template":"","meta":{"footnotes":""},"class_list":["post-21587","page","type-page","status-publish","has-post-thumbnail","hentry"],"_links":{"self":[{"href":"https:\/\/alaindustrialpartners.com\/fr\/wp-json\/wp\/v2\/pages\/21587","targetHints":{"allow":["GET"]}}],"collection":[{"href":"https:\/\/alaindustrialpartners.com\/fr\/wp-json\/wp\/v2\/pages"}],"about":[{"href":"https:\/\/alaindustrialpartners.com\/fr\/wp-json\/wp\/v2\/types\/page"}],"author":[{"embeddable":true,"href":"https:\/\/alaindustrialpartners.com\/fr\/wp-json\/wp\/v2\/users\/1"}],"replies":[{"embeddable":true,"href":"https:\/\/alaindustrialpartners.com\/fr\/wp-json\/wp\/v2\/comments?post=21587"}],"version-history":[{"count":1,"href":"https:\/\/alaindustrialpartners.com\/fr\/wp-json\/wp\/v2\/pages\/21587\/revisions"}],"predecessor-version":[{"id":21589,"href":"https:\/\/alaindustrialpartners.com\/fr\/wp-json\/wp\/v2\/pages\/21587\/revisions\/21589"}],"wp:featuredmedia":[{"embeddable":true,"href":"https:\/\/alaindustrialpartners.com\/fr\/wp-json\/wp\/v2\/media\/21588"}],"wp:attachment":[{"href":"https:\/\/alaindustrialpartners.com\/fr\/wp-json\/wp\/v2\/media?parent=21587"}],"curies":[{"name":"wp","href":"https:\/\/api.w.org\/{rel}","templated":true}]}}