{"id":21647,"date":"2025-05-22T14:30:00","date_gmt":"2025-05-22T12:30:00","guid":{"rendered":"https:\/\/alaindustrialpartners.com\/focus-sur-lindustrie\/"},"modified":"2025-07-24T11:52:45","modified_gmt":"2025-07-24T09:52:45","slug":"focus-sur-lindustrie","status":"publish","type":"page","link":"https:\/\/alaindustrialpartners.com\/fr\/focus-sur-lindustrie\/","title":{"rendered":"Focus sur l&rsquo;industrie"},"content":{"rendered":"\t\t<div data-elementor-type=\"wp-page\" data-elementor-id=\"21647\" class=\"elementor elementor-21647 elementor-21383\">\n\t\t\t\t\t\t<section class=\"elementor-section elementor-top-section elementor-element elementor-element-4e1904d elementor-section-boxed elementor-section-height-default elementor-section-height-default sc_fly_static\" data-id=\"4e1904d\" data-element_type=\"section\">\n\t\t\t\t\t\t<div class=\"elementor-container elementor-column-gap-extended\">\n\t\t\t\t\t<div class=\"elementor-column elementor-col-100 elementor-top-column elementor-element elementor-element-738492d sc_content_align_inherit sc_layouts_column_icons_position_left sc_fly_static\" data-id=\"738492d\" data-element_type=\"column\">\n\t\t\t<div class=\"elementor-widget-wrap elementor-element-populated\">\n\t\t\t\t\t\t<div class=\"elementor-element elementor-element-1ba4757 sc_height_large sc_fly_static elementor-widget elementor-widget-spacer\" data-id=\"1ba4757\" data-element_type=\"widget\" data-widget_type=\"spacer.default\">\n\t\t\t\t<div class=\"elementor-widget-container\">\n\t\t\t\t\t\t\t<div class=\"elementor-spacer\">\n\t\t\t<div class=\"elementor-spacer-inner\"><\/div>\n\t\t<\/div>\n\t\t\t\t\t\t<\/div>\n\t\t\t\t<\/div>\n\t\t\t\t<div class=\"elementor-element elementor-element-aa40e0e sc_layouts_hide_on_tablet sc_layouts_hide_on_mobile sc_fly_static elementor-widget elementor-widget-spacer\" data-id=\"aa40e0e\" data-element_type=\"widget\" data-widget_type=\"spacer.default\">\n\t\t\t\t<div class=\"elementor-widget-container\">\n\t\t\t\t\t\t\t<div class=\"elementor-spacer\">\n\t\t\t<div class=\"elementor-spacer-inner\"><\/div>\n\t\t<\/div>\n\t\t\t\t\t\t<\/div>\n\t\t\t\t<\/div>\n\t\t\t\t\t<\/div>\n\t\t<\/div>\n\t\t\t\t\t<\/div>\n\t\t<\/section>\n\t\t\t\t<section class=\"elementor-section elementor-top-section elementor-element elementor-element-9a6558f elementor-section-boxed elementor-section-height-default elementor-section-height-default sc_fly_static\" data-id=\"9a6558f\" data-element_type=\"section\">\n\t\t\t\t\t\t<div class=\"elementor-container elementor-column-gap-extended\">\n\t\t\t\t\t<div class=\"elementor-column elementor-col-16 elementor-top-column elementor-element elementor-element-36404d9 sc_content_align_inherit sc_layouts_column_icons_position_left sc_fly_static\" data-id=\"36404d9\" data-element_type=\"column\">\n\t\t\t<div class=\"elementor-widget-wrap\">\n\t\t\t\t\t\t\t<\/div>\n\t\t<\/div>\n\t\t\t\t<div class=\"elementor-column elementor-col-66 elementor-top-column elementor-element elementor-element-91aa75b sc_content_align_inherit sc_layouts_column_icons_position_left sc_fly_static\" data-id=\"91aa75b\" data-element_type=\"column\">\n\t\t\t<div class=\"elementor-widget-wrap elementor-element-populated\">\n\t\t\t\t\t\t<div class=\"elementor-element elementor-element-d1eccbd sc_fly_static elementor-widget elementor-widget-trx_sc_title\" data-id=\"d1eccbd\" data-element_type=\"widget\" data-widget_type=\"trx_sc_title.default\">\n\t\t\t\t<div class=\"elementor-widget-container\">\n\t\t\t\t\t<div\t\tclass=\"sc_title sc_title_default\" ><span class=\"sc_item_subtitle sc_title_subtitle sc_align_center sc_item_subtitle_above sc_item_title_style_default\">Notre orientation industrielle<\/span><h2 class=\"sc_item_title sc_title_title sc_align_center sc_item_title_style_default\"\n\t\t\t><span class=\"sc_item_title_text\">Nous activons les secteurs \u00e0 potentiel<\/span><\/h2><div class=\"sc_item_descr sc_title_descr sc_align_center\"><p>Chez ALA Industrial Partners, nous concentrons notre activit\u00e9 sur des industries r\u00e9elles, id\u00e9alement avec des produits et services r\u00e9currents associ\u00e9s.<\/p>\n<\/div><\/div>\t\t\t\t<\/div>\n\t\t\t\t<\/div>\n\t\t\t\t\t<\/div>\n\t\t<\/div>\n\t\t\t\t<div class=\"elementor-column elementor-col-16 elementor-top-column elementor-element elementor-element-cd01a94 sc_content_align_inherit sc_layouts_column_icons_position_left sc_fly_static\" data-id=\"cd01a94\" data-element_type=\"column\">\n\t\t\t<div class=\"elementor-widget-wrap\">\n\t\t\t\t\t\t\t<\/div>\n\t\t<\/div>\n\t\t\t\t\t<\/div>\n\t\t<\/section>\n\t\t\t\t<section class=\"elementor-section elementor-top-section elementor-element elementor-element-7627797 elementor-section-boxed elementor-section-height-default elementor-section-height-default sc_fly_static\" data-id=\"7627797\" data-element_type=\"section\">\n\t\t\t\t\t\t<div class=\"elementor-container elementor-column-gap-extended\">\n\t\t\t\t\t<div class=\"elementor-column elementor-col-100 elementor-top-column elementor-element elementor-element-0b75ea2 sc_content_align_inherit sc_layouts_column_icons_position_left sc_fly_static\" data-id=\"0b75ea2\" data-element_type=\"column\">\n\t\t\t<div class=\"elementor-widget-wrap elementor-element-populated\">\n\t\t\t\t\t\t<div class=\"elementor-element elementor-element-d6a2b15 sc_fly_static elementor-widget elementor-widget-spacer\" data-id=\"d6a2b15\" data-element_type=\"widget\" data-widget_type=\"spacer.default\">\n\t\t\t\t<div class=\"elementor-widget-container\">\n\t\t\t\t\t\t\t<div class=\"elementor-spacer\">\n\t\t\t<div class=\"elementor-spacer-inner\"><\/div>\n\t\t<\/div>\n\t\t\t\t\t\t<\/div>\n\t\t\t\t<\/div>\n\t\t\t\t\t<\/div>\n\t\t<\/div>\n\t\t\t\t\t<\/div>\n\t\t<\/section>\n\t\t\t\t<section class=\"elementor-section elementor-top-section elementor-element elementor-element-cb308e3 elementor-section-boxed elementor-section-height-default elementor-section-height-default sc_fly_static\" data-id=\"cb308e3\" data-element_type=\"section\">\n\t\t\t\t\t\t<div class=\"elementor-container elementor-column-gap-extended\">\n\t\t\t\t\t<div class=\"elementor-column elementor-col-100 elementor-top-column elementor-element elementor-element-221b8f0 sc_content_align_inherit sc_layouts_column_icons_position_left sc_fly_static\" data-id=\"221b8f0\" data-element_type=\"column\">\n\t\t\t<div class=\"elementor-widget-wrap elementor-element-populated\">\n\t\t\t\t\t\t<div class=\"elementor-element elementor-element-4332875 sc_fly_static elementor-widget elementor-widget-trx_sc_services\" data-id=\"4332875\" data-element_type=\"widget\" data-widget_type=\"trx_sc_services.default\">\n\t\t\t\t<div class=\"elementor-widget-container\">\n\t\t\t\t\t<div class=\"sc_services sc_services_modern sc_services_featured_top\"><div class=\"sc_services_columns_wrap sc_item_columns sc_item_posts_container sc_item_columns_3 trx_addons_columns_wrap columns_padding_bottom columns_in_single_row\"><div class=\"trx_addons_column-1_3\"><div data-post-id=\"21744\" class=\"sc_services_item sc_item_container post_container no_links with_content with_icon sc_services_item_featured_top post-21744 cpt_services type-cpt_services status-publish has-post-thumbnail hentry cpt_services_group-ce-que-nous-faisons\">\r\n\t<span id=\"sc_services_619315450_icon-contract_1\"\r\n\t\t\t\t class=\"sc_services_item_icon sc_icon_type_icons icon-contract\"><\/span>\t\r\n\t<div class=\"sc_services_item_info\">\r\n\t\t\t\t<div class=\"sc_services_item_header\">\r\n\t\t\t<h4 class=\"sc_services_item_title entry-title\">Technologie et sant\u00e9<\/h4>\r\n\t\t\t\t\t\t\t\t<\/div>\r\n\t\t\t\t\t\t\t<div class=\"sc_services_item_content\"><p>Nous sommes d\u00e9termin\u00e9s \u00e0 explorer les opportunit\u00e9s dans le domaine des dispositifs m\u00e9dicaux, de la fabrication technique et des solutions qui associent l&rsquo;industrie au bien-\u00eatre et \u00e0 la pr\u00e9cision.<\/p>\n<\/div><\/div><\/div>\r\n<\/div><div class=\"trx_addons_column-1_3\"><div data-post-id=\"21748\" class=\"sc_services_item sc_item_container post_container no_links with_content with_icon sc_services_item_featured_top post-21748 cpt_services type-cpt_services status-publish has-post-thumbnail hentry cpt_services_group-ce-que-nous-faisons\">\r\n\t<span id=\"sc_services_638591711_icon-startup-1_2\"\r\n\t\t\t\t class=\"sc_services_item_icon sc_icon_type_icons icon-startup-1\"><\/span>\t\r\n\t<div class=\"sc_services_item_info\">\r\n\t\t\t\t<div class=\"sc_services_item_header\">\r\n\t\t\t<h4 class=\"sc_services_item_title entry-title\">Essaimage et assistance technique<\/h4>\r\n\t\t\t\t\t\t\t\t<\/div>\r\n\t\t\t\t\t\t\t<div class=\"sc_services_item_content\"><p>Les entreprises issues de l&rsquo;industrie et les entreprises disposant de talents techniques dans le domaine de la maintenance, du service apr\u00e8s-vente ou de la r\u00e9paration.<\/p>\n<\/div><\/div><\/div>\r\n<\/div><div class=\"trx_addons_column-1_3\"><div data-post-id=\"21757\" class=\"sc_services_item sc_item_container post_container no_links with_content with_icon sc_services_item_featured_top post-21757 cpt_services type-cpt_services status-publish has-post-thumbnail hentry cpt_services_group-ce-que-nous-faisons\">\r\n\t<span id=\"sc_services_1438691020_icon-truck-1_3\"\r\n\t\t\t\t class=\"sc_services_item_icon sc_icon_type_icons icon-truck-1\"><\/span>\t\r\n\t<div class=\"sc_services_item_info\">\r\n\t\t\t\t<div class=\"sc_services_item_header\">\r\n\t\t\t<h4 class=\"sc_services_item_title entry-title\">Mobilit\u00e9 et transport<\/h4>\r\n\t\t\t\t\t\t\t\t<\/div>\r\n\t\t\t\t\t\t\t<div class=\"sc_services_item_content\"><p>Nous nous int\u00e9ressons aux solutions industrielles appliqu\u00e9es \u00e0 la mobilit\u00e9 du futur : transport vertical et infrastructures connect\u00e9es.<\/p>\n<\/div><\/div><\/div>\r\n<\/div><\/div><\/div>\t\t\t\t<\/div>\n\t\t\t\t<\/div>\n\t\t\t\t<div class=\"elementor-element elementor-element-d587afe sc_height_huge sc_fly_static elementor-widget elementor-widget-spacer\" data-id=\"d587afe\" data-element_type=\"widget\" data-widget_type=\"spacer.default\">\n\t\t\t\t<div class=\"elementor-widget-container\">\n\t\t\t\t\t\t\t<div class=\"elementor-spacer\">\n\t\t\t<div class=\"elementor-spacer-inner\"><\/div>\n\t\t<\/div>\n\t\t\t\t\t\t<\/div>\n\t\t\t\t<\/div>\n\t\t\t\t\t<\/div>\n\t\t<\/div>\n\t\t\t\t\t<\/div>\n\t\t<\/section>\n\t\t\t\t<section class=\"elementor-section elementor-top-section elementor-element elementor-element-21af393 scheme_light elementor-section-boxed elementor-section-height-default elementor-section-height-default sc_fly_static\" data-id=\"21af393\" data-element_type=\"section\">\n\t\t\t\t\t\t<div class=\"elementor-container elementor-column-gap-extended\">\n\t\t\t\t\t<div class=\"elementor-column elementor-col-100 elementor-top-column elementor-element elementor-element-32d2a34 sc_content_align_inherit sc_layouts_column_icons_position_left sc_fly_static\" data-id=\"32d2a34\" data-element_type=\"column\">\n\t\t\t<div class=\"elementor-widget-wrap elementor-element-populated\">\n\t\t\t\t\t\t<div class=\"elementor-element elementor-element-8ba7c9a sc_height_huge sc_fly_static elementor-widget elementor-widget-spacer\" data-id=\"8ba7c9a\" data-element_type=\"widget\" data-widget_type=\"spacer.default\">\n\t\t\t\t<div class=\"elementor-widget-container\">\n\t\t\t\t\t\t\t<div class=\"elementor-spacer\">\n\t\t\t<div class=\"elementor-spacer-inner\"><\/div>\n\t\t<\/div>\n\t\t\t\t\t\t<\/div>\n\t\t\t\t<\/div>\n\t\t\t\t<div class=\"elementor-element elementor-element-abe8b3d sc_fly_static elementor-widget elementor-widget-trx_sc_services\" data-id=\"abe8b3d\" data-element_type=\"widget\" data-widget_type=\"trx_sc_services.default\">\n\t\t\t\t<div class=\"elementor-widget-container\">\n\t\t\t\t\t<div class=\"sc_services sc_services_modern sc_services_featured_top\"><div class=\"sc_services_columns_wrap sc_item_columns sc_item_posts_container sc_item_columns_3 trx_addons_columns_wrap columns_padding_bottom columns_in_single_row\"><div class=\"trx_addons_column-1_3\"><div data-post-id=\"21822\" class=\"sc_services_item sc_item_container post_container no_links with_content with_icon sc_services_item_featured_top post-21822 cpt_services type-cpt_services status-publish has-post-thumbnail hentry cpt_services_group-ce-que-nous-faisons\">\r\n\t<span id=\"sc_services_784561636_icon-webcam_4\"\r\n\t\t\t\t class=\"sc_services_item_icon sc_icon_type_icons icon-webcam\"><\/span>\t\r\n\t<div class=\"sc_services_item_info\">\r\n\t\t\t\t<div class=\"sc_services_item_header\">\r\n\t\t\t<h4 class=\"sc_services_item_title entry-title\">Num\u00e9risation et automatisation<\/h4>\r\n\t\t\t\t\t\t\t\t<\/div>\r\n\t\t\t\t\t\t\t<div class=\"sc_services_item_content\"><p>Nous recherchons des entreprises qui appliquent des technologies telles que l&rsquo;IdO, les logiciels industriels ou l&rsquo;automatisation \u00e0 des processus de production r\u00e9els.<\/p>\n<\/div><\/div><\/div>\r\n<\/div><div class=\"trx_addons_column-1_3\"><div data-post-id=\"21852\" class=\"sc_services_item sc_item_container post_container no_links with_content with_icon sc_services_item_featured_top post-21852 cpt_services type-cpt_services status-publish has-post-thumbnail hentry cpt_services_group-ce-que-nous-faisons\">\r\n\t<span id=\"sc_services_1689883708_icon-employee_5\"\r\n\t\t\t\t class=\"sc_services_item_icon sc_icon_type_icons icon-employee\"><\/span>\t\r\n\t<div class=\"sc_services_item_info\">\r\n\t\t\t\t<div class=\"sc_services_item_header\">\r\n\t\t\t<h4 class=\"sc_services_item_title entry-title\">Transformation et biens d&rsquo;\u00e9quipement<\/h4>\r\n\t\t\t\t\t\t\t\t<\/div>\r\n\t\t\t\t\t\t\t<div class=\"sc_services_item_content\"><p>Investissements dans les industries manufacturi\u00e8res, les processus techniques et la capacit\u00e9 de production de liquidit\u00e9s.<\/p>\n<\/div><\/div><\/div>\r\n<\/div><div class=\"trx_addons_column-1_3\"><div data-post-id=\"21857\" class=\"sc_services_item sc_item_container post_container no_links with_content with_icon sc_services_item_featured_top post-21857 cpt_services type-cpt_services status-publish has-post-thumbnail hentry cpt_services_group-ce-que-nous-faisons\">\r\n\t<span id=\"sc_services_1469078226_icon-deadline_6\"\r\n\t\t\t\t class=\"sc_services_item_icon sc_icon_type_icons icon-deadline\"><\/span>\t\r\n\t<div class=\"sc_services_item_info\">\r\n\t\t\t\t<div class=\"sc_services_item_header\">\r\n\t\t\t<h4 class=\"sc_services_item_title entry-title\">Projet d&rsquo;entreprise<\/h4>\r\n\t\t\t\t\t\t\t\t<\/div>\r\n\t\t\t\t\t\t\t<div class=\"sc_services_item_content\"><p>Elle se concentre sur la conception, la gestion et la fourniture de solutions sp\u00e9cifiques, en int\u00e9grant l&rsquo;ing\u00e9nierie, la planification et l&rsquo;ex\u00e9cution.<\/p>\n<\/div><\/div><\/div>\r\n<\/div><\/div><\/div>\t\t\t\t<\/div>\n\t\t\t\t<\/div>\n\t\t\t\t<div class=\"elementor-element elementor-element-b107cf2 sc_height_huge sc_fly_static elementor-widget elementor-widget-spacer\" data-id=\"b107cf2\" data-element_type=\"widget\" data-widget_type=\"spacer.default\">\n\t\t\t\t<div class=\"elementor-widget-container\">\n\t\t\t\t\t\t\t<div class=\"elementor-spacer\">\n\t\t\t<div class=\"elementor-spacer-inner\"><\/div>\n\t\t<\/div>\n\t\t\t\t\t\t<\/div>\n\t\t\t\t<\/div>\n\t\t\t\t\t<\/div>\n\t\t<\/div>\n\t\t\t\t\t<\/div>\n\t\t<\/section>\n\t\t\t\t<\/div>\n\t\t","protected":false},"excerpt":{"rendered":"<p>Notre orientation industrielle Nous activons les secteurs \u00e0 potentiel Chez ALA Industrial Partners, nous concentrons notre activit\u00e9 sur des industries r\u00e9elles, id\u00e9alement avec des produits et services r\u00e9currents associ\u00e9s. Spin-offs&hellip;<\/p>\n","protected":false},"author":1,"featured_media":21594,"parent":0,"menu_order":0,"comment_status":"closed","ping_status":"closed","template":"","meta":{"footnotes":""},"class_list":["post-21647","page","type-page","status-publish","has-post-thumbnail","hentry"],"_links":{"self":[{"href":"https:\/\/alaindustrialpartners.com\/fr\/wp-json\/wp\/v2\/pages\/21647","targetHints":{"allow":["GET"]}}],"collection":[{"href":"https:\/\/alaindustrialpartners.com\/fr\/wp-json\/wp\/v2\/pages"}],"about":[{"href":"https:\/\/alaindustrialpartners.com\/fr\/wp-json\/wp\/v2\/types\/page"}],"author":[{"embeddable":true,"href":"https:\/\/alaindustrialpartners.com\/fr\/wp-json\/wp\/v2\/users\/1"}],"replies":[{"embeddable":true,"href":"https:\/\/alaindustrialpartners.com\/fr\/wp-json\/wp\/v2\/comments?post=21647"}],"version-history":[{"count":1,"href":"https:\/\/alaindustrialpartners.com\/fr\/wp-json\/wp\/v2\/pages\/21647\/revisions"}],"predecessor-version":[{"id":21648,"href":"https:\/\/alaindustrialpartners.com\/fr\/wp-json\/wp\/v2\/pages\/21647\/revisions\/21648"}],"wp:featuredmedia":[{"embeddable":true,"href":"https:\/\/alaindustrialpartners.com\/fr\/wp-json\/wp\/v2\/media\/21594"}],"wp:attachment":[{"href":"https:\/\/alaindustrialpartners.com\/fr\/wp-json\/wp\/v2\/media?parent=21647"}],"curies":[{"name":"wp","href":"https:\/\/api.w.org\/{rel}","templated":true}]}}